{"id":18234,"date":"2021-06-16T09:38:18","date_gmt":"2021-06-16T07:38:18","guid":{"rendered":"https:\/\/www.francehopital.com\/catalogue-download\/"},"modified":"2024-07-08T10:41:35","modified_gmt":"2024-07-08T08:41:35","slug":"telechargement-catalogue","status":"publish","type":"page","link":"https:\/\/www.francehopital.com\/fr\/telechargement-catalogue\/","title":{"rendered":"T\u00e9l\u00e9chargement catalogue"},"content":{"rendered":"<p>T\u00e9l\u00e9chargez d\u00e8s maintenant notre catalogue. Il contient une multitude d&rsquo;informations et d&rsquo;id\u00e9es.<br \/>\nVous souhaitez recevoir la version imprim\u00e9e directement sur votre bureau ? <a href=\"https:\/\/www.francehopital.com\/fr\/catalogue-papier\/\">Alors cliquez ici<\/a>.<\/p>\n","protected":false},"excerpt":{"rendered":"<p>T\u00e9l\u00e9chargez d\u00e8s maintenant notre catalogue. Il contient une multitude d&rsquo;informations et d&rsquo;id\u00e9es. Vous souhaitez recevoir la version imprim\u00e9e directement sur votre bureau ? Alors cliquez ici.<\/p>\n","protected":false},"author":2,"featured_media":0,"parent":0,"menu_order":0,"comment_status":"closed","ping_status":"closed","template":"page-form-download-file.php","meta":{"_acf_changed":false,"footnotes":""},"class_list":["post-18234","page","type-page","status-publish","hentry"],"acf":[],"yoast_head":"<!-- This site is optimized with the Yoast SEO plugin v25.3.1 - https:\/\/yoast.com\/wordpress\/plugins\/seo\/ -->\n<title>T\u00e9l\u00e9chargement catalogue - Francehopital<\/title>\n<meta name=\"description\" content=\"Toute la gamme de produits pour les h\u00f4pitaux, les EHPAD et la sant\u00e9 en g\u00e9n\u00e9ral : chariots de service et pour la gestion du linge, des m\u00e9dicaments et des d\u00e9chets.\" \/>\n<meta name=\"robots\" content=\"index, follow, max-snippet:-1, max-image-preview:large, max-video-preview:-1\" \/>\n<meta property=\"og:locale\" content=\"fr_FR\" \/>\n<meta property=\"og:type\" content=\"article\" \/>\n<meta property=\"og:title\" content=\"T\u00e9l\u00e9chargement catalogue - Francehopital\" \/>\n<meta property=\"og:description\" content=\"Toute la gamme de produits pour les h\u00f4pitaux, les EHPAD et la sant\u00e9 en g\u00e9n\u00e9ral : chariots de service et pour la gestion du linge, des m\u00e9dicaments et des d\u00e9chets.\" \/>\n<meta property=\"og:url\" content=\"https:\/\/www.francehopital.com\/fr\/telechargement-catalogue\/\" \/>\n<meta property=\"og:site_name\" content=\"Francehopital\" \/>\n<meta property=\"article:modified_time\" content=\"2024-07-08T08:41:35+00:00\" \/>\n<meta name=\"twitter:card\" content=\"summary_large_image\" \/>\n<meta name=\"twitter:label1\" content=\"Dur\u00e9e de lecture estim\u00e9e\" \/>\n\t<meta name=\"twitter:data1\" content=\"1 minute\" \/>\n<script type=\"application\/ld+json\" class=\"yoast-schema-graph\">{\"@context\":\"https:\/\/schema.org\",\"@graph\":[{\"@type\":\"WebPage\",\"@id\":\"https:\/\/www.francehopital.com\/fr\/telechargement-catalogue\/\",\"url\":\"https:\/\/www.francehopital.com\/fr\/telechargement-catalogue\/\",\"name\":\"T\u00e9l\u00e9chargement catalogue - Francehopital\",\"isPartOf\":{\"@id\":\"https:\/\/www.francehopital.com\/fr\/#website\"},\"datePublished\":\"2021-06-16T07:38:18+00:00\",\"dateModified\":\"2024-07-08T08:41:35+00:00\",\"description\":\"Toute la gamme de produits pour les h\u00f4pitaux, les EHPAD et la sant\u00e9 en g\u00e9n\u00e9ral : chariots de service et pour la gestion du linge, des m\u00e9dicaments et des d\u00e9chets.\",\"breadcrumb\":{\"@id\":\"https:\/\/www.francehopital.com\/fr\/telechargement-catalogue\/#breadcrumb\"},\"inLanguage\":\"fr-FR\",\"potentialAction\":[{\"@type\":\"ReadAction\",\"target\":[\"https:\/\/www.francehopital.com\/fr\/telechargement-catalogue\/\"]}]},{\"@type\":\"BreadcrumbList\",\"@id\":\"https:\/\/www.francehopital.com\/fr\/telechargement-catalogue\/#breadcrumb\",\"itemListElement\":[{\"@type\":\"ListItem\",\"position\":1,\"name\":\"Home\",\"item\":\"https:\/\/www.francehopital.com\/fr\/\"},{\"@type\":\"ListItem\",\"position\":2,\"name\":\"T\u00e9l\u00e9chargement catalogue\"}]},{\"@type\":\"WebSite\",\"@id\":\"https:\/\/www.francehopital.com\/fr\/#website\",\"url\":\"https:\/\/www.francehopital.com\/fr\/\",\"name\":\"Francehopital\",\"description\":\"Refining healthcare\",\"potentialAction\":[{\"@type\":\"SearchAction\",\"target\":{\"@type\":\"EntryPoint\",\"urlTemplate\":\"https:\/\/www.francehopital.com\/fr\/?s={search_term_string}\"},\"query-input\":{\"@type\":\"PropertyValueSpecification\",\"valueRequired\":true,\"valueName\":\"search_term_string\"}}],\"inLanguage\":\"fr-FR\"}]}<\/script>\n<!-- \/ Yoast SEO plugin. -->","yoast_head_json":{"title":"T\u00e9l\u00e9chargement catalogue - Francehopital","description":"Toute la gamme de produits pour les h\u00f4pitaux, les EHPAD et la sant\u00e9 en g\u00e9n\u00e9ral : chariots de service et pour la gestion du linge, des m\u00e9dicaments et des d\u00e9chets.","robots":{"index":"index","follow":"follow","max-snippet":"max-snippet:-1","max-image-preview":"max-image-preview:large","max-video-preview":"max-video-preview:-1"},"og_locale":"fr_FR","og_type":"article","og_title":"T\u00e9l\u00e9chargement catalogue - Francehopital","og_description":"Toute la gamme de produits pour les h\u00f4pitaux, les EHPAD et la sant\u00e9 en g\u00e9n\u00e9ral : chariots de service et pour la gestion du linge, des m\u00e9dicaments et des d\u00e9chets.","og_url":"https:\/\/www.francehopital.com\/fr\/telechargement-catalogue\/","og_site_name":"Francehopital","article_modified_time":"2024-07-08T08:41:35+00:00","twitter_card":"summary_large_image","twitter_misc":{"Dur\u00e9e de lecture estim\u00e9e":"1 minute"},"schema":{"@context":"https:\/\/schema.org","@graph":[{"@type":"WebPage","@id":"https:\/\/www.francehopital.com\/fr\/telechargement-catalogue\/","url":"https:\/\/www.francehopital.com\/fr\/telechargement-catalogue\/","name":"T\u00e9l\u00e9chargement catalogue - Francehopital","isPartOf":{"@id":"https:\/\/www.francehopital.com\/fr\/#website"},"datePublished":"2021-06-16T07:38:18+00:00","dateModified":"2024-07-08T08:41:35+00:00","description":"Toute la gamme de produits pour les h\u00f4pitaux, les EHPAD et la sant\u00e9 en g\u00e9n\u00e9ral : chariots de service et pour la gestion du linge, des m\u00e9dicaments et des d\u00e9chets.","breadcrumb":{"@id":"https:\/\/www.francehopital.com\/fr\/telechargement-catalogue\/#breadcrumb"},"inLanguage":"fr-FR","potentialAction":[{"@type":"ReadAction","target":["https:\/\/www.francehopital.com\/fr\/telechargement-catalogue\/"]}]},{"@type":"BreadcrumbList","@id":"https:\/\/www.francehopital.com\/fr\/telechargement-catalogue\/#breadcrumb","itemListElement":[{"@type":"ListItem","position":1,"name":"Home","item":"https:\/\/www.francehopital.com\/fr\/"},{"@type":"ListItem","position":2,"name":"T\u00e9l\u00e9chargement catalogue"}]},{"@type":"WebSite","@id":"https:\/\/www.francehopital.com\/fr\/#website","url":"https:\/\/www.francehopital.com\/fr\/","name":"Francehopital","description":"Refining healthcare","potentialAction":[{"@type":"SearchAction","target":{"@type":"EntryPoint","urlTemplate":"https:\/\/www.francehopital.com\/fr\/?s={search_term_string}"},"query-input":{"@type":"PropertyValueSpecification","valueRequired":true,"valueName":"search_term_string"}}],"inLanguage":"fr-FR"}]}},"_links":{"self":[{"href":"https:\/\/www.francehopital.com\/fr\/wp-json\/wp\/v2\/pages\/18234","targetHints":{"allow":["GET"]}}],"collection":[{"href":"https:\/\/www.francehopital.com\/fr\/wp-json\/wp\/v2\/pages"}],"about":[{"href":"https:\/\/www.francehopital.com\/fr\/wp-json\/wp\/v2\/types\/page"}],"author":[{"embeddable":true,"href":"https:\/\/www.francehopital.com\/fr\/wp-json\/wp\/v2\/users\/2"}],"replies":[{"embeddable":true,"href":"https:\/\/www.francehopital.com\/fr\/wp-json\/wp\/v2\/comments?post=18234"}],"version-history":[{"count":0,"href":"https:\/\/www.francehopital.com\/fr\/wp-json\/wp\/v2\/pages\/18234\/revisions"}],"wp:attachment":[{"href":"https:\/\/www.francehopital.com\/fr\/wp-json\/wp\/v2\/media?parent=18234"}],"curies":[{"name":"wp","href":"https:\/\/api.w.org\/{rel}","templated":true}]}}