{"id":19786,"date":"2022-01-17T15:15:53","date_gmt":"2022-01-17T14:15:53","guid":{"rendered":"https:\/\/www.francehopital.com\/accessories-video-drawer-organizers\/"},"modified":"2022-02-01T16:06:28","modified_gmt":"2022-02-01T15:06:28","slug":"accessoires-video-organisation-tiroirs","status":"publish","type":"page","link":"https:\/\/www.francehopital.com\/fr\/accessoires-video-organisation-tiroirs\/","title":{"rendered":"FH Accessoires &#8211; Organisation tiroirs"},"content":{"rendered":"<h2>Gardez les Tiroirs-FH organis\u00e9s<\/h2>\n<\/p>\n<p>D&#8217;\u00e9l\u00e9gants bacs en ABS de couleur mauve peuvent \u00eatre utilis\u00e9s comme organisateurs dans un Tiroir-FH.<\/p>\n<p>En alternative, des s\u00e9parateurs &#8220;peigne&#8221; sont disponibles.<\/p>\n","protected":false},"excerpt":{"rendered":"<p>Gardez les Tiroirs-FH organis\u00e9s D&#8217;\u00e9l\u00e9gants bacs en ABS de couleur mauve peuvent \u00eatre utilis\u00e9s comme organisateurs dans un Tiroir-FH. En alternative, des s\u00e9parateurs &#8220;peigne&#8221; sont disponibles.<\/p>\n","protected":false},"author":6,"featured_media":0,"parent":0,"menu_order":0,"comment_status":"closed","ping_status":"closed","template":"","meta":{"_acf_changed":false,"footnotes":""},"class_list":["post-19786","page","type-page","status-publish","hentry"],"acf":[],"yoast_head":"<!-- This site is optimized with the Yoast SEO plugin v25.3.1 - https:\/\/yoast.com\/wordpress\/plugins\/seo\/ -->\n<title>FH Accessoires - Organisation tiroirs - Francehopital<\/title>\n<meta name=\"description\" content=\"Gardez le contenu des tiroirs des chariots m\u00e9dicaux bien organis\u00e9. Pour nos Tiroirs-FH, nous avons des bacs en ABS et des s\u00e9parateurs &quot;peigne&quot;.\" \/>\n<meta name=\"robots\" content=\"index, follow, max-snippet:-1, max-image-preview:large, max-video-preview:-1\" \/>\n<meta property=\"og:locale\" content=\"fr_FR\" \/>\n<meta property=\"og:type\" content=\"article\" \/>\n<meta property=\"og:title\" content=\"FH Accessoires - Organisation tiroirs - Francehopital\" \/>\n<meta property=\"og:description\" content=\"Gardez le contenu des tiroirs des chariots m\u00e9dicaux bien organis\u00e9. Pour nos Tiroirs-FH, nous avons des bacs en ABS et des s\u00e9parateurs &quot;peigne&quot;.\" \/>\n<meta property=\"og:url\" content=\"https:\/\/www.francehopital.com\/fr\/accessoires-video-organisation-tiroirs\/\" \/>\n<meta property=\"og:site_name\" content=\"Francehopital\" \/>\n<meta property=\"article:modified_time\" content=\"2022-02-01T15:06:28+00:00\" \/>\n<meta name=\"twitter:card\" content=\"summary_large_image\" \/>\n<script type=\"application\/ld+json\" class=\"yoast-schema-graph\">{\"@context\":\"https:\/\/schema.org\",\"@graph\":[{\"@type\":\"WebPage\",\"@id\":\"https:\/\/www.francehopital.com\/fr\/accessoires-video-organisation-tiroirs\/\",\"url\":\"https:\/\/www.francehopital.com\/fr\/accessoires-video-organisation-tiroirs\/\",\"name\":\"FH Accessoires - Organisation tiroirs - Francehopital\",\"isPartOf\":{\"@id\":\"https:\/\/www.francehopital.com\/fr\/#website\"},\"datePublished\":\"2022-01-17T14:15:53+00:00\",\"dateModified\":\"2022-02-01T15:06:28+00:00\",\"description\":\"Gardez le contenu des tiroirs des chariots m\u00e9dicaux bien organis\u00e9. Pour nos Tiroirs-FH, nous avons des bacs en ABS et des s\u00e9parateurs \\\"peigne\\\".\",\"breadcrumb\":{\"@id\":\"https:\/\/www.francehopital.com\/fr\/accessoires-video-organisation-tiroirs\/#breadcrumb\"},\"inLanguage\":\"fr-FR\",\"potentialAction\":[{\"@type\":\"ReadAction\",\"target\":[\"https:\/\/www.francehopital.com\/fr\/accessoires-video-organisation-tiroirs\/\"]}]},{\"@type\":\"BreadcrumbList\",\"@id\":\"https:\/\/www.francehopital.com\/fr\/accessoires-video-organisation-tiroirs\/#breadcrumb\",\"itemListElement\":[{\"@type\":\"ListItem\",\"position\":1,\"name\":\"Home\",\"item\":\"https:\/\/www.francehopital.com\/fr\/\"},{\"@type\":\"ListItem\",\"position\":2,\"name\":\"FH Accessoires &#8211; Organisation tiroirs\"}]},{\"@type\":\"WebSite\",\"@id\":\"https:\/\/www.francehopital.com\/fr\/#website\",\"url\":\"https:\/\/www.francehopital.com\/fr\/\",\"name\":\"Francehopital\",\"description\":\"Refining healthcare\",\"potentialAction\":[{\"@type\":\"SearchAction\",\"target\":{\"@type\":\"EntryPoint\",\"urlTemplate\":\"https:\/\/www.francehopital.com\/fr\/?s={search_term_string}\"},\"query-input\":{\"@type\":\"PropertyValueSpecification\",\"valueRequired\":true,\"valueName\":\"search_term_string\"}}],\"inLanguage\":\"fr-FR\"}]}<\/script>\n<!-- \/ Yoast SEO plugin. -->","yoast_head_json":{"title":"FH Accessoires - Organisation tiroirs - Francehopital","description":"Gardez le contenu des tiroirs des chariots m\u00e9dicaux bien organis\u00e9. Pour nos Tiroirs-FH, nous avons des bacs en ABS et des s\u00e9parateurs \"peigne\".","robots":{"index":"index","follow":"follow","max-snippet":"max-snippet:-1","max-image-preview":"max-image-preview:large","max-video-preview":"max-video-preview:-1"},"og_locale":"fr_FR","og_type":"article","og_title":"FH Accessoires - Organisation tiroirs - Francehopital","og_description":"Gardez le contenu des tiroirs des chariots m\u00e9dicaux bien organis\u00e9. Pour nos Tiroirs-FH, nous avons des bacs en ABS et des s\u00e9parateurs \"peigne\".","og_url":"https:\/\/www.francehopital.com\/fr\/accessoires-video-organisation-tiroirs\/","og_site_name":"Francehopital","article_modified_time":"2022-02-01T15:06:28+00:00","twitter_card":"summary_large_image","schema":{"@context":"https:\/\/schema.org","@graph":[{"@type":"WebPage","@id":"https:\/\/www.francehopital.com\/fr\/accessoires-video-organisation-tiroirs\/","url":"https:\/\/www.francehopital.com\/fr\/accessoires-video-organisation-tiroirs\/","name":"FH Accessoires - Organisation tiroirs - Francehopital","isPartOf":{"@id":"https:\/\/www.francehopital.com\/fr\/#website"},"datePublished":"2022-01-17T14:15:53+00:00","dateModified":"2022-02-01T15:06:28+00:00","description":"Gardez le contenu des tiroirs des chariots m\u00e9dicaux bien organis\u00e9. Pour nos Tiroirs-FH, nous avons des bacs en ABS et des s\u00e9parateurs \"peigne\".","breadcrumb":{"@id":"https:\/\/www.francehopital.com\/fr\/accessoires-video-organisation-tiroirs\/#breadcrumb"},"inLanguage":"fr-FR","potentialAction":[{"@type":"ReadAction","target":["https:\/\/www.francehopital.com\/fr\/accessoires-video-organisation-tiroirs\/"]}]},{"@type":"BreadcrumbList","@id":"https:\/\/www.francehopital.com\/fr\/accessoires-video-organisation-tiroirs\/#breadcrumb","itemListElement":[{"@type":"ListItem","position":1,"name":"Home","item":"https:\/\/www.francehopital.com\/fr\/"},{"@type":"ListItem","position":2,"name":"FH Accessoires &#8211; Organisation tiroirs"}]},{"@type":"WebSite","@id":"https:\/\/www.francehopital.com\/fr\/#website","url":"https:\/\/www.francehopital.com\/fr\/","name":"Francehopital","description":"Refining healthcare","potentialAction":[{"@type":"SearchAction","target":{"@type":"EntryPoint","urlTemplate":"https:\/\/www.francehopital.com\/fr\/?s={search_term_string}"},"query-input":{"@type":"PropertyValueSpecification","valueRequired":true,"valueName":"search_term_string"}}],"inLanguage":"fr-FR"}]}},"_links":{"self":[{"href":"https:\/\/www.francehopital.com\/fr\/wp-json\/wp\/v2\/pages\/19786","targetHints":{"allow":["GET"]}}],"collection":[{"href":"https:\/\/www.francehopital.com\/fr\/wp-json\/wp\/v2\/pages"}],"about":[{"href":"https:\/\/www.francehopital.com\/fr\/wp-json\/wp\/v2\/types\/page"}],"author":[{"embeddable":true,"href":"https:\/\/www.francehopital.com\/fr\/wp-json\/wp\/v2\/users\/6"}],"replies":[{"embeddable":true,"href":"https:\/\/www.francehopital.com\/fr\/wp-json\/wp\/v2\/comments?post=19786"}],"version-history":[{"count":0,"href":"https:\/\/www.francehopital.com\/fr\/wp-json\/wp\/v2\/pages\/19786\/revisions"}],"wp:attachment":[{"href":"https:\/\/www.francehopital.com\/fr\/wp-json\/wp\/v2\/media?parent=19786"}],"curies":[{"name":"wp","href":"https:\/\/api.w.org\/{rel}","templated":true}]}}