{"id":19797,"date":"2022-01-17T13:54:11","date_gmt":"2022-01-17T12:54:11","guid":{"rendered":"https:\/\/www.francehopital.com\/features-video-transportable-drawer\/"},"modified":"2022-02-01T16:51:30","modified_gmt":"2022-02-01T15:51:30","slug":"details-video-tiroirs-transportables","status":"publish","type":"page","link":"https:\/\/www.francehopital.com\/fr\/details-video-tiroirs-transportables\/","title":{"rendered":"D\u00e9tails FH &#8211; Tiroirs transportables"},"content":{"rendered":"<h2>Tiroir-FH : un tiroir transportable pour les chariots hospitaliers<\/h2>\n<\/p>\n<p>Les Tiroirs-FH sont con\u00e7us de mani\u00e8re \u00e0 pouvoir \u00eatre <strong>\u00e9chang\u00e9s<\/strong> entre les chariots de soins, les colonnes logistiques, les syst\u00e8mes d&#8217;\u00e9tag\u00e8res et les armoires.<\/p>\n","protected":false},"excerpt":{"rendered":"<p>Tiroir-FH : un tiroir transportable pour les chariots hospitaliers Les Tiroirs-FH sont con\u00e7us de mani\u00e8re \u00e0 pouvoir \u00eatre \u00e9chang\u00e9s entre les chariots de soins, les colonnes logistiques, les syst\u00e8mes d&#8217;\u00e9tag\u00e8res et les armoires.<\/p>\n","protected":false},"author":6,"featured_media":0,"parent":0,"menu_order":0,"comment_status":"closed","ping_status":"closed","template":"","meta":{"_acf_changed":false,"footnotes":""},"class_list":["post-19797","page","type-page","status-publish","hentry"],"acf":[],"yoast_head":"<!-- This site is optimized with the Yoast SEO plugin v25.3.1 - https:\/\/yoast.com\/wordpress\/plugins\/seo\/ -->\n<title>D\u00e9tails FH - Tiroirs transportables - Francehopital<\/title>\n<meta name=\"robots\" content=\"index, follow, max-snippet:-1, max-image-preview:large, max-video-preview:-1\" \/>\n<meta property=\"og:locale\" content=\"fr_FR\" \/>\n<meta property=\"og:type\" content=\"article\" \/>\n<meta property=\"og:title\" content=\"D\u00e9tails FH - Tiroirs transportables - Francehopital\" \/>\n<meta property=\"og:description\" content=\"Tiroir-FH : un tiroir transportable pour les chariots hospitaliers Les Tiroirs-FH sont con\u00e7us de mani\u00e8re \u00e0 pouvoir \u00eatre \u00e9chang\u00e9s entre les chariots de soins, les colonnes logistiques, les syst\u00e8mes d&#8217;\u00e9tag\u00e8res et les armoires.\" \/>\n<meta property=\"og:url\" content=\"https:\/\/www.francehopital.com\/fr\/details-video-tiroirs-transportables\/\" \/>\n<meta property=\"og:site_name\" content=\"Francehopital\" \/>\n<meta property=\"article:modified_time\" content=\"2022-02-01T15:51:30+00:00\" \/>\n<meta name=\"twitter:card\" content=\"summary_large_image\" \/>\n<script type=\"application\/ld+json\" class=\"yoast-schema-graph\">{\"@context\":\"https:\/\/schema.org\",\"@graph\":[{\"@type\":\"WebPage\",\"@id\":\"https:\/\/www.francehopital.com\/fr\/details-video-tiroirs-transportables\/\",\"url\":\"https:\/\/www.francehopital.com\/fr\/details-video-tiroirs-transportables\/\",\"name\":\"D\u00e9tails FH - Tiroirs transportables - Francehopital\",\"isPartOf\":{\"@id\":\"https:\/\/www.francehopital.com\/fr\/#website\"},\"datePublished\":\"2022-01-17T12:54:11+00:00\",\"dateModified\":\"2022-02-01T15:51:30+00:00\",\"breadcrumb\":{\"@id\":\"https:\/\/www.francehopital.com\/fr\/details-video-tiroirs-transportables\/#breadcrumb\"},\"inLanguage\":\"fr-FR\",\"potentialAction\":[{\"@type\":\"ReadAction\",\"target\":[\"https:\/\/www.francehopital.com\/fr\/details-video-tiroirs-transportables\/\"]}]},{\"@type\":\"BreadcrumbList\",\"@id\":\"https:\/\/www.francehopital.com\/fr\/details-video-tiroirs-transportables\/#breadcrumb\",\"itemListElement\":[{\"@type\":\"ListItem\",\"position\":1,\"name\":\"Home\",\"item\":\"https:\/\/www.francehopital.com\/fr\/\"},{\"@type\":\"ListItem\",\"position\":2,\"name\":\"D\u00e9tails FH &#8211; Tiroirs transportables\"}]},{\"@type\":\"WebSite\",\"@id\":\"https:\/\/www.francehopital.com\/fr\/#website\",\"url\":\"https:\/\/www.francehopital.com\/fr\/\",\"name\":\"Francehopital\",\"description\":\"Refining healthcare\",\"potentialAction\":[{\"@type\":\"SearchAction\",\"target\":{\"@type\":\"EntryPoint\",\"urlTemplate\":\"https:\/\/www.francehopital.com\/fr\/?s={search_term_string}\"},\"query-input\":{\"@type\":\"PropertyValueSpecification\",\"valueRequired\":true,\"valueName\":\"search_term_string\"}}],\"inLanguage\":\"fr-FR\"}]}<\/script>\n<!-- \/ Yoast SEO plugin. -->","yoast_head_json":{"title":"D\u00e9tails FH - Tiroirs transportables - Francehopital","robots":{"index":"index","follow":"follow","max-snippet":"max-snippet:-1","max-image-preview":"max-image-preview:large","max-video-preview":"max-video-preview:-1"},"og_locale":"fr_FR","og_type":"article","og_title":"D\u00e9tails FH - Tiroirs transportables - Francehopital","og_description":"Tiroir-FH : un tiroir transportable pour les chariots hospitaliers Les Tiroirs-FH sont con\u00e7us de mani\u00e8re \u00e0 pouvoir \u00eatre \u00e9chang\u00e9s entre les chariots de soins, les colonnes logistiques, les syst\u00e8mes d&#8217;\u00e9tag\u00e8res et les armoires.","og_url":"https:\/\/www.francehopital.com\/fr\/details-video-tiroirs-transportables\/","og_site_name":"Francehopital","article_modified_time":"2022-02-01T15:51:30+00:00","twitter_card":"summary_large_image","schema":{"@context":"https:\/\/schema.org","@graph":[{"@type":"WebPage","@id":"https:\/\/www.francehopital.com\/fr\/details-video-tiroirs-transportables\/","url":"https:\/\/www.francehopital.com\/fr\/details-video-tiroirs-transportables\/","name":"D\u00e9tails FH - Tiroirs transportables - Francehopital","isPartOf":{"@id":"https:\/\/www.francehopital.com\/fr\/#website"},"datePublished":"2022-01-17T12:54:11+00:00","dateModified":"2022-02-01T15:51:30+00:00","breadcrumb":{"@id":"https:\/\/www.francehopital.com\/fr\/details-video-tiroirs-transportables\/#breadcrumb"},"inLanguage":"fr-FR","potentialAction":[{"@type":"ReadAction","target":["https:\/\/www.francehopital.com\/fr\/details-video-tiroirs-transportables\/"]}]},{"@type":"BreadcrumbList","@id":"https:\/\/www.francehopital.com\/fr\/details-video-tiroirs-transportables\/#breadcrumb","itemListElement":[{"@type":"ListItem","position":1,"name":"Home","item":"https:\/\/www.francehopital.com\/fr\/"},{"@type":"ListItem","position":2,"name":"D\u00e9tails FH &#8211; Tiroirs transportables"}]},{"@type":"WebSite","@id":"https:\/\/www.francehopital.com\/fr\/#website","url":"https:\/\/www.francehopital.com\/fr\/","name":"Francehopital","description":"Refining healthcare","potentialAction":[{"@type":"SearchAction","target":{"@type":"EntryPoint","urlTemplate":"https:\/\/www.francehopital.com\/fr\/?s={search_term_string}"},"query-input":{"@type":"PropertyValueSpecification","valueRequired":true,"valueName":"search_term_string"}}],"inLanguage":"fr-FR"}]}},"_links":{"self":[{"href":"https:\/\/www.francehopital.com\/fr\/wp-json\/wp\/v2\/pages\/19797","targetHints":{"allow":["GET"]}}],"collection":[{"href":"https:\/\/www.francehopital.com\/fr\/wp-json\/wp\/v2\/pages"}],"about":[{"href":"https:\/\/www.francehopital.com\/fr\/wp-json\/wp\/v2\/types\/page"}],"author":[{"embeddable":true,"href":"https:\/\/www.francehopital.com\/fr\/wp-json\/wp\/v2\/users\/6"}],"replies":[{"embeddable":true,"href":"https:\/\/www.francehopital.com\/fr\/wp-json\/wp\/v2\/comments?post=19797"}],"version-history":[{"count":0,"href":"https:\/\/www.francehopital.com\/fr\/wp-json\/wp\/v2\/pages\/19797\/revisions"}],"wp:attachment":[{"href":"https:\/\/www.francehopital.com\/fr\/wp-json\/wp\/v2\/media?parent=19797"}],"curies":[{"name":"wp","href":"https:\/\/api.w.org\/{rel}","templated":true}]}}