{"id":2072,"date":"2019-05-15T16:02:56","date_gmt":"2019-05-15T14:02:56","guid":{"rendered":"https:\/\/www.francehopital.com\/privacy-policy\/"},"modified":"2021-12-14T12:03:38","modified_gmt":"2021-12-14T11:03:38","slug":"privacy-policy","status":"publish","type":"page","link":"https:\/\/www.francehopital.com\/fr\/privacy-policy\/","title":{"rendered":"Privacy policy"},"content":{"rendered":"<h2>POLITIQUE DE CONFIDENTIALITE DE PROTECTION DES DONNEES ET D\u2019UTILISATION DES COOCKIES<\/h2>\n<p>FRANCEHOPITAL attache une grande importance \u00e0 la manipulation soigneuse des donn\u00e9es personnelles re\u00e7ues des clients et des visiteurs du site Web\u00a0:<\/p>\n<ul>\n<li>https:\/\/www.francehopital.com<\/li>\n<li>\u00a0https:\/\/www.francehopital.com\/fr\/<\/li>\n<li>\u00a0https:\/\/www.francehopital.com\/en\/<\/li>\n<li>\u00a0https:\/\/www.francehopital.com\/es\/<\/li>\n<li>\u00a0https:\/\/www.francehopital.com\/de\/<\/li>\n<li>\u00a0https:\/\/www.francehopital.com\/zh\/<\/li>\n<li>\u00a0<a href=\"https:\/\/www.francehopital.com\/ar\/\">https:\/\/www.francehopital.com\/ar\/<\/a><\/li>\n<\/ul>\n<p>Nous nous assurons que toutes les donn\u00e9es personnelles sont trait\u00e9es conform\u00e9ment \u00e0 la loi et au\u00a0<a href=\"https:\/\/fr.wikipedia.org\/wiki\/R%C3%A8glement_g%C3%A9n%C3%A9ral_sur_la_protection_des_donn%C3%A9es\" target=\"_blank\" rel=\"noopener noreferrer\">R\u00e8glement g\u00e9n\u00e9ral sur la protection des donn\u00e9es<\/a>\u00a0appliqu\u00e9 dans l&#8217;Union europ\u00e9enne \u00e0 partir du 25 mai 2018. La pr\u00e9sente Politique de Confidentialit\u00e9 et de protection des donn\u00e9es s\u2019applique aux donn\u00e9es \u00e0 caract\u00e8re personnel des Utilisateurs de notre Site Internet et de nos Clients.<br \/>\nElle d\u00e9finit et vous informe de la mani\u00e8re dont FRANCEHOPITAL utilise et prot\u00e8ge les informations que vous nous transmettez. Veuillez noter que cette Politique de Confidentialit\u00e9 est susceptible d\u2019\u00eatre modifi\u00e9e ou compl\u00e9t\u00e9e \u00e0 tout moment par FRANCEHOPITAL, notamment en vue de se conformer \u00e0 toute \u00e9volution l\u00e9gislative, r\u00e8glementaire, jurisprudentielle ou technologique. Dans un tel cas, la date de sa mise \u00e0 jour sera clairement identifi\u00e9e en t\u00eate de la pr\u00e9sente Politique de Confidentialit\u00e9. Ces modifications engagent l\u2019Utilisateur d\u00e8s leur mise en ligne. Il convient par cons\u00e9quent que l\u2019Utilisateur consulte r\u00e9guli\u00e8rement la pr\u00e9sente politique de confidentialit\u00e9 et d\u2019utilisation des cookies afin de prendre connaissance de ses \u00e9ventuelles modifications<\/p>\n<h2>1. DONNEES PERSONNELLES<\/h2>\n<p>D\u2019une mani\u00e8re g\u00e9n\u00e9rale, il vous est possible de visiter le Site Web\u00a0<a href=\"https:\/\/www.francehopital.com\/fr\/\">https:\/\/www.francehopital.com\/fr\/<\/a>\u00a0\u00a0sans communiquer aucune information personnelle vous concernant. En toute hypoth\u00e8se, vous n\u2019\u00eates en aucune mani\u00e8re oblig\u00e9 de transmettre des informations personnelles \u00e0 FRANCEHOPITAL. N\u00e9anmoins, en cas de refus, il se peut que vous ne puissiez pas b\u00e9n\u00e9ficier de certaines informations ou services que vous avez demand\u00e9s. A ce titre en effet, FRANCEHOPITAL peut \u00eatre amen\u00e9 dans certains cas \u00e0 vous demander de renseigner des informations personnelles.<\/p>\n<h3>Donn\u00e9es relatives aux utilisateurs de notre Site Internet :<\/h3>\n<p>Les informations personnelles que vous nous fournirez sont recueillies au travers de formulaires et gr\u00e2ce \u00e0 l\u2019interactivit\u00e9 \u00e9tablie entre vous et notre site web, \u00e0 savoir :<\/p>\n<ul>\n<li>Formulaire de contact<\/li>\n<\/ul>\n<p>Les informations que vous nous fournissez peuvent inclure :<\/p>\n<ul>\n<li>Nom<\/li>\n<li>Pr\u00e9nom<\/li>\n<li>Adresse \u00e9lectronique<\/li>\n<\/ul>\n<p>Vous n&#8217;\u00eates pas tenu(e) de nous fournir de telles informations, mais certains de nos Services ne pourront \u00eatre d\u00e9livr\u00e9s dans leur int\u00e9gralit\u00e9 en l&#8217;absence des informations demand\u00e9es.<br \/>\nNous utilisons les informations ainsi collect\u00e9s pour les finalit\u00e9s suivantes :<\/p>\n<ul>\n<li>Pour r\u00e9pondre \u00e0 vos demandes d&#8217;information<\/li>\n<li>Transmettre une newsletter et d&#8217;autres informations<\/li>\n<li>Pour vous tenir \u00e0 jour en ce qui concerne les d\u00e9veloppements qui pourraient \u00eatre d&#8217;int\u00e9r\u00eat pour vous.<\/li>\n<\/ul>\n<h2>2. VOS DROITS A LA PROTECTION DES DONNEES<\/h2>\n<p>Conform\u00e9ment \u00e0 la loi informatique et Libert\u00e9s et le R\u00e8glement G\u00e9n\u00e9ral sur la Protection des donn\u00e9es 2016\/679 (RGPD), vous disposez du droit de suppression des donn\u00e9es personnelles vous concernant que vous pouvez exercer en nous contactant par e-mail\u00a0:\u00a0<a href=\"mailto:privacy@francehopital.com\">privacy@francehopital.com<\/a><br \/>\nVos requ\u00eates seront trait\u00e9es dans les 30 jours. Nous pouvons vous demander \u00e0 ce que votre demande soit accompagn\u00e9e d\u2019une photocopie de preuve d\u2019identit\u00e9 ou d\u2019autorit\u00e9.<\/p>\n<h3>Destinataires<\/h3>\n<p>Seul FRANCEHOPITAL est destinataire de vos Informations Personnelles. Nous n&#8217;utiliserons vos informations qu&#8217;au sein de notre soci\u00e9t\u00e9, et nous ne communiquerons pas ces donn\u00e9es \u00e0 des tiers, \u00e0 moins que ce soit votre souhait explicite.<\/p>\n<h3>Dur\u00e9e de conservation<\/h3>\n<p>Nous ne conservons vos donn\u00e9es personnelles qu&#8217;aussi longtemps que cela est n\u00e9cessaire aux fins pour lesquelles elles ont \u00e9t\u00e9 collect\u00e9es ou aussi longtemps que la loi ou dans le cadre d&#8217;une r\u00e9glementation officielle l&#8217;exige. Nous supprimons ou bloquons vos donn\u00e9es d\u00e8s qu&#8217;elles ne sont plus n\u00e9cessaires.<br \/>\nPar ailleurs, nous supprimons ou bloquons imm\u00e9diatement vos donn\u00e9es en cas de r\u00e9vocation de votre consentement et en cas d&#8217;opposition justifi\u00e9e au traitement des donn\u00e9es.<\/p>\n<h3>Mise \u00e0 jour de vos pr\u00e9f\u00e9rences d&#8217;abonnement courriels :<\/h3>\n<p>Si vous ne recevez pas nos courriels ou si vous souhaitez mettre \u00e0 jour vos pr\u00e9f\u00e9rences de souscription d\u00e8s aujourd&#8217;hui,\u00a0<a href=\"https:\/\/www.francehopital.com\/fr\/gdpr\/#\/\">cliquez-ici<\/a>.<\/p>\n<h2>3. POLITIQUE RELATIVE AUX COOKIES<\/h2>\n<p>Lors de votre premi\u00e8re connexion sur le site web de FRANCEHOPITAL, vous \u00eates avertis\u00a0 que des informations relatives \u00e0 votre navigation sont susceptibles d\u2019\u00eatre enregistr\u00e9es dans des fichiers d\u00e9nomm\u00e9s \u00ab cookies \u00bb. Notre politique d\u2019utilisation des cookies vous permet de mieux comprendre les dispositions que nous mettons en \u0153uvre en mati\u00e8re de navigation sur notre site web. Elle vous informe notamment sur l\u2019ensemble des cookies pr\u00e9sents sur notre site web, leur finalit\u00e9 et vous donne la marche \u00e0 suivre pour les param\u00e9trer.<\/p>\n<h3>Informations g\u00e9n\u00e9rales sur les cookies pr\u00e9sents sur le site de FRANCEHOPITAL<\/h3>\n<p>FRANCEHOPITAL, en tant qu\u2019\u00e9diteur du pr\u00e9sent site web, pourra proc\u00e9der \u00e0 l\u2019implantation d\u2019un cookie sur le disque dur de votre terminal (ordinateur, tablette, mobile etc.) afin de vous garantir une navigation fluide et optimale sur notre site Internet.<br \/>\nLes \u00ab cookies \u00bb (ou t\u00e9moins de connexion) sont des petits fichiers texte de taille limit\u00e9e qui nous permettent de reconna\u00eetre votre ordinateur, votre tablette ou votre mobile aux fins de personnaliser les services que nous vous proposons.<br \/>\nLes informations recueillies par le biais des cookies ne permettent en aucune mani\u00e8re de vous identifier nominativement. Elles sont\u00a0<strong>utilis\u00e9es exclusivement pour nos besoins propres afin d\u2019am\u00e9liorer l\u2019interactivit\u00e9 et la performance de notre site web<\/strong>. Aucune de ces informations ne fait l\u2019objet d\u2019une communication aupr\u00e8s de tiers.<br \/>\nPour mieux vous \u00e9clairer sur les informations que les cookies identifient, vous trouverez ci-dessous la liste des diff\u00e9rents types de cookies susceptibles d\u2019\u00eatre utilis\u00e9s sur le site web de FRANCEHOPITAL International, leur nom, leur finalit\u00e9 ainsi que leur dur\u00e9e de conservation.<\/p>\n<p>FRANCEHOPITAL utilise des cookies sur https:\/\/francehopital.com\/fr\/ et ses domaines et applications connexes. En utilisant notre site Web, vous consentez \u00e0 l&#8217;utilisation de cookies. Un cookie est un petit fichier texte qui est stock\u00e9 dans votre navigateur Web qui nous permet ou un tiers de vous reconna\u00eetre. Les cookies peuvent \u00eatre utilis\u00e9s aux fins suivantes: (1) permettre certaines fonctions; (2) fournir des analyses; (3) pour stocker vos pr\u00e9f\u00e9rences; Et (4) pour permettre la diffusion d&#8217;annonces et la publicit\u00e9 comportementale. Les cookies peuvent \u00eatre des cookies de session ou des cookies persistants. Un cookie de session expire automatiquement lorsque vous fermez votre navigateur. Un cookie persistant restera jusqu&#8217;\u00e0 ce qu&#8217;il expire ou que vous supprimiez vos cookies. Les dates d&#8217;expiration sont d\u00e9finies dans les cookies eux-m\u00eames; Certains peuvent expirer apr\u00e8s quelques minutes tandis que d&#8217;autres peuvent expirer apr\u00e8s plusieurs ann\u00e9es. Les cookies plac\u00e9s sur le site Web que vous visitez sont parfois appel\u00e9s \u00abpremiers cookies\u00bb, alors que les cookies plac\u00e9s par d&#8217;autres soci\u00e9t\u00e9s sont parfois appel\u00e9s \u00abcookies tiers\u00bb. Si vous n&#8217;aimez pas l&#8217;id\u00e9e de cookies ou de certains types de cookies, vous pouvez modifier les param\u00e8tres de votre navigateur pour supprimer les cookies qui ont d\u00e9j\u00e0 \u00e9t\u00e9 d\u00e9finis et pour ne pas accepter de nouveaux cookies. Pour en savoir plus sur cette proc\u00e9dure, consultez les pages d&#8217;aide de votre navigateur. Notez toutefois que si vous supprimez des cookies ou ne les acceptez pas, il est possible que vous ne puissiez pas utiliser toutes les fonctionnalit\u00e9s que nous proposons, mais que certaines de nos pages ne s&#8217;affichent pas correctement.<\/p>\n<h3>Gestion des cookies\u00a0:<\/h3>\n<p><strong>Google Cookies<\/strong><\/p>\n<p>Ce site web utilise Google Analytics, un service d&#8217;analyse web fourni par Google Inc. (&#8221; Google&#8221;). Google Analytics utilise des cookies, des fichiers texte stock\u00e9s sur votre ordinateur qui permettent d&#8217;analyser l&#8217;utilisation que vous faites du site web. Les informations g\u00e9n\u00e9r\u00e9es par les cookies concernant votre utilisation de ce site web sont g\u00e9n\u00e9ralement transf\u00e9r\u00e9es vers un serveur Google aux \u00c9tats-Unis et y sont stock\u00e9es. Dans le cas d&#8217;une activation de l&#8217;anonymisation de l&#8217;IP sur ce site, votre adresse IP sera toutefois compress\u00e9e au pr\u00e9alable par Google, dans les Etats membres de l&#8217;Union Europ\u00e9enne ou dans les autres Etats membres du trait\u00e9 de l&#8217;espace \u00e9conomique europ\u00e9en. Seulement dans des cas exceptionnels, l&#8217;adresse IP compl\u00e8te sera transmise \u00e0 un serveur de Google aux Etats-Unis et alors compress\u00e9e. Google utilisera ces informations pour le compte du propri\u00e9taire de ce site, afin d&#8217;analyser votre utilisation du site, d&#8217;\u00e9tablir des rapports sur l&#8217;activit\u00e9 des visiteurs et fournir au propri\u00e9taire du site des services tiers li\u00e9s \u00e0 l&#8217;utilisation du site et d&#8217;Internet. Google ne reliera pas l&#8217;adresse IP transmise par votre navigateur dans le cadre de Google Analytics \u00e0 d&#8217;autres donn\u00e9es Google. Vous pouvez d\u00e9sactiver l&#8217;installation et l&#8217;utilisation des cookies par un simple param\u00e9trage de votre logiciel de navigation Internet; nous vous informons cependant qu&#8217;il est alors possible que vous ne puissiez acc\u00e9der \u00e0 toutes les fonctions du site de fa\u00e7on optimale. Mais vous pouvez emp\u00eacher l&#8217;enregistrement des donn\u00e9es personnelles (incluant votre adresse IP) engendr\u00e9 par les cookies et l&#8217;utilisation du site, ainsi que l&#8217;exploitation de ces donn\u00e9es par Google, en t\u00e9l\u00e9chargeant et installant le plugin de navigateur disponible \u00e0 l\u2019adresse suivante (<a href=\"http:\/\/tools.google.com\/dlpage\/gaoptout?hl=fr\" target=\"_blank\" rel=\"noopener noreferrer\">http:\/\/tools.google.com\/dlpage\/gaoptout?hl=fr<\/a>).<br \/>\nVous pouvez emp\u00eacher l&#8217;enregistrement des donn\u00e9es par Google Analytics en cliquant sur ce lien. Un cookie de d\u00e9sabonnement (opt-out) sera alors plac\u00e9 sur le site web, emp\u00eachant l&#8217;enregistrement de vos donn\u00e9es durant votre navigation sur ce site :\u00a0<a>D\u00e9sactiver Google Analytics<\/a>.<br \/>\nVous trouverez plus d&#8217;informations concernant les conditions d&#8217;utilisation et r\u00e8gles de protection des donn\u00e9es sous \u00a0<a href=\"http:\/\/www.google.com\/analytics\/terms\/fr.html\" target=\"_blank\" rel=\"noopener noreferrer\">http:\/\/www.google.com\/analytics\/terms\/fr.html\u00a0<\/a>et\u00a0<a href=\"https:\/\/www.google.fr\/intl\/fr\/policies\/\" target=\"_blank\" rel=\"noopener noreferrer\">https:\/\/www.google.fr\/intl\/fr\/policies\/<\/a>.<\/p>\n<p><strong>Refus de cookies<\/strong><br \/>\nLa plupart des navigateurs vous permettent de refuser les cookies.<br \/>\nDans Internet Explorer, vous pouvez refuser tous les cookies en cliquant sur &#8220;Outils&#8221;, &#8220;Options Internet&#8221;, &#8220;Confidentialit\u00e9&#8221; et en s\u00e9lectionnant &#8220;Bloquer tous les cookies&#8221;.<br \/>\nDans Firefox, vous pouvez ajuster vos param\u00e8tres de cookies en cliquant sur &#8220;Outils&#8221;, &#8220;Options&#8221; et &#8220;Confidentialit\u00e9&#8221;.<br \/>\nLe blocage des cookies aura un impact n\u00e9gatif sur la convivialit\u00e9 de certains sites Web.<\/p>\n<p><strong>Cookies &#8211; R\u00e9seaux Sociaux<\/strong><br \/>\nSi vous \u00eates en relation avec FRANCEHOPITAL via un compte de r\u00e9seau social tel que LinkedIn,\u00a0vous pouvez nous permettre d&#8217;acc\u00e9der \u00e0 certaines informations de votre profil. Cela peut inclure votre nom, votre photo de profil, votre sexe, votre adresse e-mail, vos photos, vos vid\u00e9os, votre date de naissance et \/ ou vos messages. Les sites de r\u00e9seaux sociaux ont leur propre politique pour g\u00e9rer et partager vos informations personnelles, que nous vous invitons \u00e0 consulter.\u00a0Nous n&#8217;avons aucun contr\u00f4le sur la fa\u00e7on dont un site tiers utilise ou divulgue les informations personnelles qu&#8217;il recueille \u00e0 votre sujet.<br \/>\nLes cookies de partage des r\u00e9seaux sociaux sont \u00e9mis et g\u00e9r\u00e9s par l\u2019\u00e9diteur du r\u00e9seau social concern\u00e9. Sous r\u00e9serve de votre consentement, ces cookies vous permettent de partager facilement une partie du contenu publi\u00e9 sur le site de FRANCEHOPITAL, notamment par l\u2019interm\u00e9diaire d\u2019un \u00ab bouton \u00bb applicatif de partage selon le r\u00e9seau social concern\u00e9. Quatre types de cookies de partage des r\u00e9seaux sociaux sont pr\u00e9sents sur le site de FRANCEHOPITAL\u00a0:<\/p>\n<ul>\n<li><strong>Facebook<\/strong>, dont vous pouvez consulter la politique en mati\u00e8re de cookies en cliquant sur le lien suivant :\u00a0<a href=\"https:\/\/fr-fr.facebook.com\/policies\/cookies\/\" target=\"_blank\" rel=\"noopener noreferrer\">https:\/\/fr-fr.facebook.com\/policies\/cookies\/<\/a><\/li>\n<\/ul>\n<ul>\n<li><strong>LinkedIn<\/strong>, dont vous trouverez la politique relative aux cookies en cliquant sur le lien suivant :\u00a0<a href=\"https:\/\/www.linkedin.com\/legal\/cookie-policy?_l=fr_FR\" target=\"_blank\" rel=\"noopener noreferrer\">https:\/\/www.linkedin.com\/legal\/cookie-policy?_l=fr_FR<\/a><\/li>\n<\/ul>\n<ul>\n<li><strong>Twitter<\/strong>, dont vous trouverez les options d\u00e9di\u00e9es au contr\u00f4le ou \u00e0 la restriction de l\u2019utilisation des cookies ainsi que la politique d\u2019utilisation des cookies :\u00a0<a href=\"https:\/\/support.twitter.com\/articles\/20170518\" target=\"_blank\" rel=\"noopener noreferrer\">https:\/\/support.twitter.com\/articles\/20170518#<\/a><\/li>\n<li><strong>YouTube<\/strong>, dont vous trouverez l\u2019aide n\u00e9cessaire pour supprimer les cookies \u00e0 partir du navigateur Google Chrome en cliquant sur le lien suivant :\u00a0<a href=\"https:\/\/support.google.com\/youtube\/answer\/32050?hl=fr\" target=\"_blank\" rel=\"noopener noreferrer\">https:\/\/support.google.com\/youtube\/answer\/32050?hl=fr<\/a>\u00a0mais \u00e9galement la politique compl\u00e8te en mati\u00e8re de cookies \u00e0 partir du lien suivant :\u00a0<a href=\"https:\/\/www.google.fr\/intl\/fr\/policies\/technologies\/cookies\/\" target=\"_blank\" rel=\"noopener noreferrer\">https:\/\/www.google.fr\/intl\/fr\/policies\/technologies\/cookies\/<\/a><\/li>\n<\/ul>\n","protected":false},"excerpt":{"rendered":"<p>POLITIQUE DE CONFIDENTIALITE DE PROTECTION DES DONNEES ET D\u2019UTILISATION DES COOCKIES FRANCEHOPITAL attache une grande importance \u00e0 la manipulation soigneuse des donn\u00e9es personnelles re\u00e7ues des clients et des visiteurs du site Web\u00a0: https:\/\/www.francehopital.com \u00a0https:\/\/www.francehopital.com\/fr\/ \u00a0https:\/\/www.francehopital.com\/en\/ \u00a0https:\/\/www.francehopital.com\/es\/ \u00a0https:\/\/www.francehopital.com\/de\/ \u00a0https:\/\/www.francehopital.com\/zh\/ \u00a0https:\/\/www.francehopital.com\/ar\/ Nous nous assurons que toutes les donn\u00e9es personnelles sont trait\u00e9es conform\u00e9ment \u00e0 la loi et au\u00a0R\u00e8glement [&hellip;]<\/p>\n","protected":false},"author":2,"featured_media":0,"parent":0,"menu_order":0,"comment_status":"closed","ping_status":"closed","template":"","meta":{"_acf_changed":false,"footnotes":""},"class_list":["post-2072","page","type-page","status-publish","hentry"],"acf":[],"yoast_head":"<!-- This site is optimized with the Yoast SEO plugin v25.3.1 - https:\/\/yoast.com\/wordpress\/plugins\/seo\/ -->\n<title>Privacy policy - Francehopital<\/title>\n<meta name=\"robots\" content=\"index, follow, max-snippet:-1, max-image-preview:large, max-video-preview:-1\" \/>\n<meta property=\"og:locale\" content=\"fr_FR\" \/>\n<meta property=\"og:type\" content=\"article\" \/>\n<meta property=\"og:title\" content=\"Privacy policy - Francehopital\" \/>\n<meta property=\"og:description\" content=\"POLITIQUE DE CONFIDENTIALITE DE PROTECTION DES DONNEES ET D\u2019UTILISATION DES COOCKIES FRANCEHOPITAL attache une grande importance \u00e0 la manipulation soigneuse des donn\u00e9es personnelles re\u00e7ues des clients et des visiteurs du site Web\u00a0: https:\/\/www.francehopital.com \u00a0https:\/\/www.francehopital.com\/fr\/ \u00a0https:\/\/www.francehopital.com\/en\/ \u00a0https:\/\/www.francehopital.com\/es\/ \u00a0https:\/\/www.francehopital.com\/de\/ \u00a0https:\/\/www.francehopital.com\/zh\/ \u00a0https:\/\/www.francehopital.com\/ar\/ Nous nous assurons que toutes les donn\u00e9es personnelles sont trait\u00e9es conform\u00e9ment \u00e0 la loi et au\u00a0R\u00e8glement [&hellip;]\" \/>\n<meta property=\"og:url\" content=\"https:\/\/www.francehopital.com\/fr\/privacy-policy\/\" \/>\n<meta property=\"og:site_name\" content=\"Francehopital\" \/>\n<meta property=\"article:modified_time\" content=\"2021-12-14T11:03:38+00:00\" \/>\n<meta name=\"twitter:card\" content=\"summary_large_image\" \/>\n<meta name=\"twitter:label1\" content=\"Dur\u00e9e de lecture estim\u00e9e\" \/>\n\t<meta name=\"twitter:data1\" content=\"11 minutes\" \/>\n<script type=\"application\/ld+json\" class=\"yoast-schema-graph\">{\"@context\":\"https:\/\/schema.org\",\"@graph\":[{\"@type\":\"WebPage\",\"@id\":\"https:\/\/www.francehopital.com\/fr\/privacy-policy\/\",\"url\":\"https:\/\/www.francehopital.com\/fr\/privacy-policy\/\",\"name\":\"Privacy policy - Francehopital\",\"isPartOf\":{\"@id\":\"https:\/\/www.francehopital.com\/fr\/#website\"},\"datePublished\":\"2019-05-15T14:02:56+00:00\",\"dateModified\":\"2021-12-14T11:03:38+00:00\",\"breadcrumb\":{\"@id\":\"https:\/\/www.francehopital.com\/fr\/privacy-policy\/#breadcrumb\"},\"inLanguage\":\"fr-FR\",\"potentialAction\":[{\"@type\":\"ReadAction\",\"target\":[\"https:\/\/www.francehopital.com\/fr\/privacy-policy\/\"]}]},{\"@type\":\"BreadcrumbList\",\"@id\":\"https:\/\/www.francehopital.com\/fr\/privacy-policy\/#breadcrumb\",\"itemListElement\":[{\"@type\":\"ListItem\",\"position\":1,\"name\":\"Home\",\"item\":\"https:\/\/www.francehopital.com\/fr\/\"},{\"@type\":\"ListItem\",\"position\":2,\"name\":\"Privacy policy\"}]},{\"@type\":\"WebSite\",\"@id\":\"https:\/\/www.francehopital.com\/fr\/#website\",\"url\":\"https:\/\/www.francehopital.com\/fr\/\",\"name\":\"Francehopital\",\"description\":\"Refining healthcare\",\"potentialAction\":[{\"@type\":\"SearchAction\",\"target\":{\"@type\":\"EntryPoint\",\"urlTemplate\":\"https:\/\/www.francehopital.com\/fr\/?s={search_term_string}\"},\"query-input\":{\"@type\":\"PropertyValueSpecification\",\"valueRequired\":true,\"valueName\":\"search_term_string\"}}],\"inLanguage\":\"fr-FR\"}]}<\/script>\n<!-- \/ Yoast SEO plugin. -->","yoast_head_json":{"title":"Privacy policy - Francehopital","robots":{"index":"index","follow":"follow","max-snippet":"max-snippet:-1","max-image-preview":"max-image-preview:large","max-video-preview":"max-video-preview:-1"},"og_locale":"fr_FR","og_type":"article","og_title":"Privacy policy - Francehopital","og_description":"POLITIQUE DE CONFIDENTIALITE DE PROTECTION DES DONNEES ET D\u2019UTILISATION DES COOCKIES FRANCEHOPITAL attache une grande importance \u00e0 la manipulation soigneuse des donn\u00e9es personnelles re\u00e7ues des clients et des visiteurs du site Web\u00a0: https:\/\/www.francehopital.com \u00a0https:\/\/www.francehopital.com\/fr\/ \u00a0https:\/\/www.francehopital.com\/en\/ \u00a0https:\/\/www.francehopital.com\/es\/ \u00a0https:\/\/www.francehopital.com\/de\/ \u00a0https:\/\/www.francehopital.com\/zh\/ \u00a0https:\/\/www.francehopital.com\/ar\/ Nous nous assurons que toutes les donn\u00e9es personnelles sont trait\u00e9es conform\u00e9ment \u00e0 la loi et au\u00a0R\u00e8glement [&hellip;]","og_url":"https:\/\/www.francehopital.com\/fr\/privacy-policy\/","og_site_name":"Francehopital","article_modified_time":"2021-12-14T11:03:38+00:00","twitter_card":"summary_large_image","twitter_misc":{"Dur\u00e9e de lecture estim\u00e9e":"11 minutes"},"schema":{"@context":"https:\/\/schema.org","@graph":[{"@type":"WebPage","@id":"https:\/\/www.francehopital.com\/fr\/privacy-policy\/","url":"https:\/\/www.francehopital.com\/fr\/privacy-policy\/","name":"Privacy policy - Francehopital","isPartOf":{"@id":"https:\/\/www.francehopital.com\/fr\/#website"},"datePublished":"2019-05-15T14:02:56+00:00","dateModified":"2021-12-14T11:03:38+00:00","breadcrumb":{"@id":"https:\/\/www.francehopital.com\/fr\/privacy-policy\/#breadcrumb"},"inLanguage":"fr-FR","potentialAction":[{"@type":"ReadAction","target":["https:\/\/www.francehopital.com\/fr\/privacy-policy\/"]}]},{"@type":"BreadcrumbList","@id":"https:\/\/www.francehopital.com\/fr\/privacy-policy\/#breadcrumb","itemListElement":[{"@type":"ListItem","position":1,"name":"Home","item":"https:\/\/www.francehopital.com\/fr\/"},{"@type":"ListItem","position":2,"name":"Privacy policy"}]},{"@type":"WebSite","@id":"https:\/\/www.francehopital.com\/fr\/#website","url":"https:\/\/www.francehopital.com\/fr\/","name":"Francehopital","description":"Refining healthcare","potentialAction":[{"@type":"SearchAction","target":{"@type":"EntryPoint","urlTemplate":"https:\/\/www.francehopital.com\/fr\/?s={search_term_string}"},"query-input":{"@type":"PropertyValueSpecification","valueRequired":true,"valueName":"search_term_string"}}],"inLanguage":"fr-FR"}]}},"_links":{"self":[{"href":"https:\/\/www.francehopital.com\/fr\/wp-json\/wp\/v2\/pages\/2072","targetHints":{"allow":["GET"]}}],"collection":[{"href":"https:\/\/www.francehopital.com\/fr\/wp-json\/wp\/v2\/pages"}],"about":[{"href":"https:\/\/www.francehopital.com\/fr\/wp-json\/wp\/v2\/types\/page"}],"author":[{"embeddable":true,"href":"https:\/\/www.francehopital.com\/fr\/wp-json\/wp\/v2\/users\/2"}],"replies":[{"embeddable":true,"href":"https:\/\/www.francehopital.com\/fr\/wp-json\/wp\/v2\/comments?post=2072"}],"version-history":[{"count":0,"href":"https:\/\/www.francehopital.com\/fr\/wp-json\/wp\/v2\/pages\/2072\/revisions"}],"wp:attachment":[{"href":"https:\/\/www.francehopital.com\/fr\/wp-json\/wp\/v2\/media?parent=2072"}],"curies":[{"name":"wp","href":"https:\/\/api.w.org\/{rel}","templated":true}]}}