{"id":6223,"date":"2019-06-12T17:05:11","date_gmt":"2019-06-12T15:05:11","guid":{"rendered":"https:\/\/www.francehopital.com\/assistance\/"},"modified":"2022-03-16T12:19:10","modified_gmt":"2022-03-16T11:19:10","slug":"assistance","status":"publish","type":"page","link":"https:\/\/www.francehopital.com\/fr\/assistance\/","title":{"rendered":"FH4U"},"content":{"rendered":"<p>Une \u00e9quipe de professionnels est disponible pour vous fournir des renseignements d\u00e9taill\u00e9s sur les produits, un support technique et une assistance.<\/p>\n<p>\u201eNotre objectif est d&rsquo;avoir des clients satisfaits !\u201c<br \/>\nGarantie<\/p>\n<p>Tous nos produits sont garantis 2 ans, les pi\u00e8ces d\u00e9tach\u00e9es sont disponibles pendant 10 ans.<\/p>\n<p>Support technique<\/p>\n<p>Si vous avez besoin de pi\u00e8ces d\u00e9tach\u00e9es, d\u2019une demande d\u2019assistance, \u00a0de conseil, veuillez contacter notre service technique.<\/p>\n<p>Livraison et commandes<\/p>\n<p>Si vous avez besoin d\u2019informations sp\u00e9cifiques sur l\u2019exp\u00e9dition de vos commandes, veuillez envoyer un courriel \u00e0 :<\/p>\n<p>francehopital@francehopital.fr<\/p>\n<p>Information sur les produits<\/p>\n<p>Notre \u00e9quipe commerciale, compos\u00e9e de 7 technico-commerciaux et \u00e0 votre disposition pour vous transmettre les informations d\u00e9taill\u00e9es sur nos chariots et syst\u00e8mes modulaires ainsi que pour \u00e9valuer avec vous la meilleure solution pour vos besoins sp\u00e9cifiques.<\/p>\n","protected":false},"excerpt":{"rendered":"<p>Une \u00e9quipe de professionnels est disponible pour vous fournir des renseignements d\u00e9taill\u00e9s sur les produits, un support technique et une assistance. \u201eNotre objectif est d&rsquo;avoir des clients satisfaits !\u201c Garantie Tous nos produits sont garantis 2 ans, les pi\u00e8ces d\u00e9tach\u00e9es sont disponibles pendant 10 ans. Support technique Si vous avez besoin de pi\u00e8ces d\u00e9tach\u00e9es, d\u2019une [&hellip;]<\/p>\n","protected":false},"author":2,"featured_media":0,"parent":0,"menu_order":0,"comment_status":"closed","ping_status":"closed","template":"","meta":{"_acf_changed":false,"footnotes":""},"class_list":["post-6223","page","type-page","status-publish","hentry"],"acf":[],"yoast_head":"<!-- This site is optimized with the Yoast SEO plugin v25.3.1 - https:\/\/yoast.com\/wordpress\/plugins\/seo\/ -->\n<title>FH4U - Francehopital<\/title>\n<meta name=\"description\" content=\"La page de support client de Francehopital : si vous avez besoin d&#039;aide avec nos chariots hospitaliers, syst\u00e8mes d&#039;\u00e9tag\u00e8res, colonnes logistiques et tous nos produits.\" \/>\n<meta name=\"robots\" content=\"index, follow, max-snippet:-1, max-image-preview:large, max-video-preview:-1\" \/>\n<meta property=\"og:locale\" content=\"fr_FR\" \/>\n<meta property=\"og:type\" content=\"article\" \/>\n<meta property=\"og:title\" content=\"FH4U - Francehopital\" \/>\n<meta property=\"og:description\" content=\"La page de support client de Francehopital : si vous avez besoin d&#039;aide avec nos chariots hospitaliers, syst\u00e8mes d&#039;\u00e9tag\u00e8res, colonnes logistiques et tous nos produits.\" \/>\n<meta property=\"og:url\" content=\"https:\/\/www.francehopital.com\/fr\/assistance\/\" \/>\n<meta property=\"og:site_name\" content=\"Francehopital\" \/>\n<meta property=\"article:modified_time\" content=\"2022-03-16T11:19:10+00:00\" \/>\n<meta name=\"twitter:card\" content=\"summary_large_image\" \/>\n<meta name=\"twitter:label1\" content=\"Dur\u00e9e de lecture estim\u00e9e\" \/>\n\t<meta name=\"twitter:data1\" content=\"1 minute\" \/>\n<script type=\"application\/ld+json\" class=\"yoast-schema-graph\">{\"@context\":\"https:\/\/schema.org\",\"@graph\":[{\"@type\":\"WebPage\",\"@id\":\"https:\/\/www.francehopital.com\/fr\/assistance\/\",\"url\":\"https:\/\/www.francehopital.com\/fr\/assistance\/\",\"name\":\"FH4U - Francehopital\",\"isPartOf\":{\"@id\":\"https:\/\/www.francehopital.com\/fr\/#website\"},\"datePublished\":\"2019-06-12T15:05:11+00:00\",\"dateModified\":\"2022-03-16T11:19:10+00:00\",\"description\":\"La page de support client de Francehopital : si vous avez besoin d'aide avec nos chariots hospitaliers, syst\u00e8mes d'\u00e9tag\u00e8res, colonnes logistiques et tous nos produits.\",\"breadcrumb\":{\"@id\":\"https:\/\/www.francehopital.com\/fr\/assistance\/#breadcrumb\"},\"inLanguage\":\"fr-FR\",\"potentialAction\":[{\"@type\":\"ReadAction\",\"target\":[\"https:\/\/www.francehopital.com\/fr\/assistance\/\"]}]},{\"@type\":\"BreadcrumbList\",\"@id\":\"https:\/\/www.francehopital.com\/fr\/assistance\/#breadcrumb\",\"itemListElement\":[{\"@type\":\"ListItem\",\"position\":1,\"name\":\"Home\",\"item\":\"https:\/\/www.francehopital.com\/fr\/\"},{\"@type\":\"ListItem\",\"position\":2,\"name\":\"FH4U\"}]},{\"@type\":\"WebSite\",\"@id\":\"https:\/\/www.francehopital.com\/fr\/#website\",\"url\":\"https:\/\/www.francehopital.com\/fr\/\",\"name\":\"Francehopital\",\"description\":\"Refining healthcare\",\"potentialAction\":[{\"@type\":\"SearchAction\",\"target\":{\"@type\":\"EntryPoint\",\"urlTemplate\":\"https:\/\/www.francehopital.com\/fr\/?s={search_term_string}\"},\"query-input\":{\"@type\":\"PropertyValueSpecification\",\"valueRequired\":true,\"valueName\":\"search_term_string\"}}],\"inLanguage\":\"fr-FR\"}]}<\/script>\n<!-- \/ Yoast SEO plugin. -->","yoast_head_json":{"title":"FH4U - Francehopital","description":"La page de support client de Francehopital : si vous avez besoin d'aide avec nos chariots hospitaliers, syst\u00e8mes d'\u00e9tag\u00e8res, colonnes logistiques et tous nos produits.","robots":{"index":"index","follow":"follow","max-snippet":"max-snippet:-1","max-image-preview":"max-image-preview:large","max-video-preview":"max-video-preview:-1"},"og_locale":"fr_FR","og_type":"article","og_title":"FH4U - Francehopital","og_description":"La page de support client de Francehopital : si vous avez besoin d'aide avec nos chariots hospitaliers, syst\u00e8mes d'\u00e9tag\u00e8res, colonnes logistiques et tous nos produits.","og_url":"https:\/\/www.francehopital.com\/fr\/assistance\/","og_site_name":"Francehopital","article_modified_time":"2022-03-16T11:19:10+00:00","twitter_card":"summary_large_image","twitter_misc":{"Dur\u00e9e de lecture estim\u00e9e":"1 minute"},"schema":{"@context":"https:\/\/schema.org","@graph":[{"@type":"WebPage","@id":"https:\/\/www.francehopital.com\/fr\/assistance\/","url":"https:\/\/www.francehopital.com\/fr\/assistance\/","name":"FH4U - Francehopital","isPartOf":{"@id":"https:\/\/www.francehopital.com\/fr\/#website"},"datePublished":"2019-06-12T15:05:11+00:00","dateModified":"2022-03-16T11:19:10+00:00","description":"La page de support client de Francehopital : si vous avez besoin d'aide avec nos chariots hospitaliers, syst\u00e8mes d'\u00e9tag\u00e8res, colonnes logistiques et tous nos produits.","breadcrumb":{"@id":"https:\/\/www.francehopital.com\/fr\/assistance\/#breadcrumb"},"inLanguage":"fr-FR","potentialAction":[{"@type":"ReadAction","target":["https:\/\/www.francehopital.com\/fr\/assistance\/"]}]},{"@type":"BreadcrumbList","@id":"https:\/\/www.francehopital.com\/fr\/assistance\/#breadcrumb","itemListElement":[{"@type":"ListItem","position":1,"name":"Home","item":"https:\/\/www.francehopital.com\/fr\/"},{"@type":"ListItem","position":2,"name":"FH4U"}]},{"@type":"WebSite","@id":"https:\/\/www.francehopital.com\/fr\/#website","url":"https:\/\/www.francehopital.com\/fr\/","name":"Francehopital","description":"Refining healthcare","potentialAction":[{"@type":"SearchAction","target":{"@type":"EntryPoint","urlTemplate":"https:\/\/www.francehopital.com\/fr\/?s={search_term_string}"},"query-input":{"@type":"PropertyValueSpecification","valueRequired":true,"valueName":"search_term_string"}}],"inLanguage":"fr-FR"}]}},"_links":{"self":[{"href":"https:\/\/www.francehopital.com\/fr\/wp-json\/wp\/v2\/pages\/6223","targetHints":{"allow":["GET"]}}],"collection":[{"href":"https:\/\/www.francehopital.com\/fr\/wp-json\/wp\/v2\/pages"}],"about":[{"href":"https:\/\/www.francehopital.com\/fr\/wp-json\/wp\/v2\/types\/page"}],"author":[{"embeddable":true,"href":"https:\/\/www.francehopital.com\/fr\/wp-json\/wp\/v2\/users\/2"}],"replies":[{"embeddable":true,"href":"https:\/\/www.francehopital.com\/fr\/wp-json\/wp\/v2\/comments?post=6223"}],"version-history":[{"count":0,"href":"https:\/\/www.francehopital.com\/fr\/wp-json\/wp\/v2\/pages\/6223\/revisions"}],"wp:attachment":[{"href":"https:\/\/www.francehopital.com\/fr\/wp-json\/wp\/v2\/media?parent=6223"}],"curies":[{"name":"wp","href":"https:\/\/api.w.org\/{rel}","templated":true}]}}