{"id":6225,"date":"2019-06-12T17:04:14","date_gmt":"2019-06-12T15:04:14","guid":{"rendered":"https:\/\/www.francehopital.com\/assistance\/download\/"},"modified":"2025-12-23T10:31:38","modified_gmt":"2025-12-23T09:31:38","slug":"telechargements","status":"publish","type":"page","link":"https:\/\/www.francehopital.com\/fr\/assistance\/telechargements\/","title":{"rendered":"T\u00e9l\u00e9chargements"},"content":{"rendered":"<h2>Catalogue g\u00e9n\u00e9ral<\/h2>\n<p>La Force de Vente de FH<br \/>\nSpotlight Magazine #2 (en anglais)<br \/>\nSpotlight Magazine #1 (en anglais)<br \/>\nBrochure UGAP<br \/>\nNotices A4 collecteurs \u00e0 aiguilles CSPLUS<br \/>\nNotices A3 collecteurs \u00e0 aiguilles CSPLUS<br \/>\nNotice A4 collecteurs \u00e0 aiguilles PBS NEW<br \/>\nNotice A3 collecteurs \u00e0 aiguilles PBS NEW<br \/>\nISABELLA &#8211; fiche technique<br \/>\nCondiviso : solutions techniques d&rsquo;ameublement<br \/>\nPolitique de qualit\u00e9 et de l&rsquo;environnement (temporairement en anglais)<br \/>\nISO 9001 &amp; 14001 FRANCE<br \/>\nISO 9001 ITALIE<br \/>\nISO 14001 ITALIE<\/p>\n","protected":false},"excerpt":{"rendered":"<p>Catalogue g\u00e9n\u00e9ral La Force de Vente de FH Spotlight Magazine #2 (en anglais) Spotlight Magazine #1 (en anglais) Brochure UGAP Notices A4 collecteurs \u00e0 aiguilles CSPLUS Notices A3 collecteurs \u00e0 aiguilles CSPLUS Notice A4 collecteurs \u00e0 aiguilles PBS NEW Notice A3 collecteurs \u00e0 aiguilles PBS NEW ISABELLA &#8211; fiche technique Condiviso : solutions techniques d&rsquo;ameublement [&hellip;]<\/p>\n","protected":false},"author":2,"featured_media":0,"parent":6223,"menu_order":0,"comment_status":"closed","ping_status":"closed","template":"","meta":{"_acf_changed":false,"footnotes":""},"class_list":["post-6225","page","type-page","status-publish","hentry"],"acf":[],"yoast_head":"<!-- This site is optimized with the Yoast SEO plugin v25.3.1 - https:\/\/yoast.com\/wordpress\/plugins\/seo\/ -->\n<title>T\u00e9l\u00e9chargements - Francehopital<\/title>\n<meta name=\"description\" content=\"Francehopital, fabricant de chariots m\u00e9dicaux et de logistique hospitali\u00e8re, propose des catalogues, brochures, magazines et certifications ISO.\" \/>\n<meta name=\"robots\" content=\"index, follow, max-snippet:-1, max-image-preview:large, max-video-preview:-1\" \/>\n<meta property=\"og:locale\" content=\"fr_FR\" \/>\n<meta property=\"og:type\" content=\"article\" \/>\n<meta property=\"og:title\" content=\"T\u00e9l\u00e9chargements - Francehopital\" \/>\n<meta property=\"og:description\" content=\"Francehopital, fabricant de chariots m\u00e9dicaux et de logistique hospitali\u00e8re, propose des catalogues, brochures, magazines et certifications ISO.\" \/>\n<meta property=\"og:url\" content=\"https:\/\/www.francehopital.com\/fr\/assistance\/telechargements\/\" \/>\n<meta property=\"og:site_name\" content=\"Francehopital\" \/>\n<meta property=\"article:modified_time\" content=\"2025-12-23T09:31:38+00:00\" \/>\n<meta name=\"twitter:card\" content=\"summary_large_image\" \/>\n<meta name=\"twitter:label1\" content=\"Dur\u00e9e de lecture estim\u00e9e\" \/>\n\t<meta name=\"twitter:data1\" content=\"1 minute\" \/>\n<script type=\"application\/ld+json\" class=\"yoast-schema-graph\">{\"@context\":\"https:\/\/schema.org\",\"@graph\":[{\"@type\":\"WebPage\",\"@id\":\"https:\/\/www.francehopital.com\/fr\/assistance\/telechargements\/\",\"url\":\"https:\/\/www.francehopital.com\/fr\/assistance\/telechargements\/\",\"name\":\"T\u00e9l\u00e9chargements - Francehopital\",\"isPartOf\":{\"@id\":\"https:\/\/www.francehopital.com\/fr\/#website\"},\"datePublished\":\"2019-06-12T15:04:14+00:00\",\"dateModified\":\"2025-12-23T09:31:38+00:00\",\"description\":\"Francehopital, fabricant de chariots m\u00e9dicaux et de logistique hospitali\u00e8re, propose des catalogues, brochures, magazines et certifications ISO.\",\"breadcrumb\":{\"@id\":\"https:\/\/www.francehopital.com\/fr\/assistance\/telechargements\/#breadcrumb\"},\"inLanguage\":\"fr-FR\",\"potentialAction\":[{\"@type\":\"ReadAction\",\"target\":[\"https:\/\/www.francehopital.com\/fr\/assistance\/telechargements\/\"]}]},{\"@type\":\"BreadcrumbList\",\"@id\":\"https:\/\/www.francehopital.com\/fr\/assistance\/telechargements\/#breadcrumb\",\"itemListElement\":[{\"@type\":\"ListItem\",\"position\":1,\"name\":\"Home\",\"item\":\"https:\/\/www.francehopital.com\/fr\/\"},{\"@type\":\"ListItem\",\"position\":2,\"name\":\"FH4U\",\"item\":\"https:\/\/www.francehopital.com\/fr\/assistance\/\"},{\"@type\":\"ListItem\",\"position\":3,\"name\":\"T\u00e9l\u00e9chargements\"}]},{\"@type\":\"WebSite\",\"@id\":\"https:\/\/www.francehopital.com\/fr\/#website\",\"url\":\"https:\/\/www.francehopital.com\/fr\/\",\"name\":\"Francehopital\",\"description\":\"Refining healthcare\",\"potentialAction\":[{\"@type\":\"SearchAction\",\"target\":{\"@type\":\"EntryPoint\",\"urlTemplate\":\"https:\/\/www.francehopital.com\/fr\/?s={search_term_string}\"},\"query-input\":{\"@type\":\"PropertyValueSpecification\",\"valueRequired\":true,\"valueName\":\"search_term_string\"}}],\"inLanguage\":\"fr-FR\"}]}<\/script>\n<!-- \/ Yoast SEO plugin. -->","yoast_head_json":{"title":"T\u00e9l\u00e9chargements - Francehopital","description":"Francehopital, fabricant de chariots m\u00e9dicaux et de logistique hospitali\u00e8re, propose des catalogues, brochures, magazines et certifications ISO.","robots":{"index":"index","follow":"follow","max-snippet":"max-snippet:-1","max-image-preview":"max-image-preview:large","max-video-preview":"max-video-preview:-1"},"og_locale":"fr_FR","og_type":"article","og_title":"T\u00e9l\u00e9chargements - Francehopital","og_description":"Francehopital, fabricant de chariots m\u00e9dicaux et de logistique hospitali\u00e8re, propose des catalogues, brochures, magazines et certifications ISO.","og_url":"https:\/\/www.francehopital.com\/fr\/assistance\/telechargements\/","og_site_name":"Francehopital","article_modified_time":"2025-12-23T09:31:38+00:00","twitter_card":"summary_large_image","twitter_misc":{"Dur\u00e9e de lecture estim\u00e9e":"1 minute"},"schema":{"@context":"https:\/\/schema.org","@graph":[{"@type":"WebPage","@id":"https:\/\/www.francehopital.com\/fr\/assistance\/telechargements\/","url":"https:\/\/www.francehopital.com\/fr\/assistance\/telechargements\/","name":"T\u00e9l\u00e9chargements - Francehopital","isPartOf":{"@id":"https:\/\/www.francehopital.com\/fr\/#website"},"datePublished":"2019-06-12T15:04:14+00:00","dateModified":"2025-12-23T09:31:38+00:00","description":"Francehopital, fabricant de chariots m\u00e9dicaux et de logistique hospitali\u00e8re, propose des catalogues, brochures, magazines et certifications ISO.","breadcrumb":{"@id":"https:\/\/www.francehopital.com\/fr\/assistance\/telechargements\/#breadcrumb"},"inLanguage":"fr-FR","potentialAction":[{"@type":"ReadAction","target":["https:\/\/www.francehopital.com\/fr\/assistance\/telechargements\/"]}]},{"@type":"BreadcrumbList","@id":"https:\/\/www.francehopital.com\/fr\/assistance\/telechargements\/#breadcrumb","itemListElement":[{"@type":"ListItem","position":1,"name":"Home","item":"https:\/\/www.francehopital.com\/fr\/"},{"@type":"ListItem","position":2,"name":"FH4U","item":"https:\/\/www.francehopital.com\/fr\/assistance\/"},{"@type":"ListItem","position":3,"name":"T\u00e9l\u00e9chargements"}]},{"@type":"WebSite","@id":"https:\/\/www.francehopital.com\/fr\/#website","url":"https:\/\/www.francehopital.com\/fr\/","name":"Francehopital","description":"Refining healthcare","potentialAction":[{"@type":"SearchAction","target":{"@type":"EntryPoint","urlTemplate":"https:\/\/www.francehopital.com\/fr\/?s={search_term_string}"},"query-input":{"@type":"PropertyValueSpecification","valueRequired":true,"valueName":"search_term_string"}}],"inLanguage":"fr-FR"}]}},"_links":{"self":[{"href":"https:\/\/www.francehopital.com\/fr\/wp-json\/wp\/v2\/pages\/6225","targetHints":{"allow":["GET"]}}],"collection":[{"href":"https:\/\/www.francehopital.com\/fr\/wp-json\/wp\/v2\/pages"}],"about":[{"href":"https:\/\/www.francehopital.com\/fr\/wp-json\/wp\/v2\/types\/page"}],"author":[{"embeddable":true,"href":"https:\/\/www.francehopital.com\/fr\/wp-json\/wp\/v2\/users\/2"}],"replies":[{"embeddable":true,"href":"https:\/\/www.francehopital.com\/fr\/wp-json\/wp\/v2\/comments?post=6225"}],"version-history":[{"count":0,"href":"https:\/\/www.francehopital.com\/fr\/wp-json\/wp\/v2\/pages\/6225\/revisions"}],"up":[{"embeddable":true,"href":"https:\/\/www.francehopital.com\/fr\/wp-json\/wp\/v2\/pages\/6223"}],"wp:attachment":[{"href":"https:\/\/www.francehopital.com\/fr\/wp-json\/wp\/v2\/media?parent=6225"}],"curies":[{"name":"wp","href":"https:\/\/api.w.org\/{rel}","templated":true}]}}