{"id":6244,"date":"2019-06-12T17:28:29","date_gmt":"2019-06-12T15:28:29","guid":{"rendered":"https:\/\/www.francehopital.com\/company\/"},"modified":"2024-09-12T10:45:00","modified_gmt":"2024-09-12T08:45:00","slug":"entreprise","status":"publish","type":"page","link":"https:\/\/www.francehopital.com\/fr\/entreprise\/","title":{"rendered":"L&rsquo;entreprise"},"content":{"rendered":"<p><strong>&#8220;Chaque entreprise na\u00eet du r\u00eave d&#8217;un seul individu, de sa vision, d&#8217;une opportunit\u00e9 que d\u2019autres n&#8217;ont pas encore eu. Ce n&#8217;est que s&#8217;il est capable d&#8217;inspirer et de guider les autres, que sa vision se transformera en une Entreprise digne de ce nom.&#8221;<\/strong><\/p>\n<p>Notre histoire <\/p>\n<p>Francehopital est l&#8217;histoire de trois g\u00e9n\u00e9rations d&#8217;hommes qui ont cr\u00e9\u00e9, d\u00e9velopp\u00e9 et transform\u00e9 au cours des derni\u00e8res d\u00e9cennies la structure originale d&#8217;une petite soci\u00e9t\u00e9 commerciale fond\u00e9e par <strong>Julius Peroni<\/strong> pour soutenir sa famille pendant les temps difficiles qui ont suivi la 2i\u00e8me Guerre Mondiale. Une culture multiethnique, le courage de relever les d\u00e9fis et une foi obstin\u00e9e en un avenir meilleur : Julius a transmis ces valeurs distinctives \u00e0 son entreprise naissante lors de ses premiers pas sur le march\u00e9 de l&#8217;\u00e9quipement hospitalier. Son fils <strong>G\u00fcnther<\/strong>, qui a pris les r\u00eanes de l&#8217;entreprise d\u00e8s son plus jeune \u00e2ge, a eu un impact positif sur l&#8217;entreprise en inversant la perspective entrepreneuriale originale. Au lieu de d\u00e9velopper une strat\u00e9gie d&#8217;entreprise bas\u00e9e sur la recherche de march\u00e9s pour ses produits, il a commenc\u00e9 \u00e0 explorer les march\u00e9s internationaux afin d&#8217;offrir des solutions cibl\u00e9es aux probl\u00e8mes complexes de la logistique hospitali\u00e8re. En 2005, la troisi\u00e8me g\u00e9n\u00e9ration de la famille Peroni, en la personne du jeune <strong>Gunnar<\/strong>, a pris la direction de l&#8217;entreprise pour mettre en place une nouvelle structure. Il a esquiss\u00e9 une nouvelle identit\u00e9 de l&#8217;entreprise, en renfor\u00e7ant sa position sur le march\u00e9 mondial et en faisant m\u00fbrir ce respect sain pour les concurrents qui vous permet d&#8217;apprendre de ceux qui savent comment aller plus vite et mieux que les autres, et de transformer la sagesse inestimable qui vient de reconna\u00eetre ses propres erreurs en grandes opportunit\u00e9s de croissance.<\/p>\n<p>1948 <br \/>R\u00e9alisation et distribution d\u2019\u00e9quipements pour les cuisines hospitali\u00e8res <br \/>1964 <br \/>Introduction sur le march\u00e9 italien d\u2019un nouveau syst\u00e8me de gestion du linge <br \/>1972 <br \/>Equipements pour les cuisines et les blanchisserie<br \/>\nDistribution de rayonnages et de chariots <br \/>1980 <br \/>D\u00e9veloppement de la nouvelle ligne de chariot de soins PERSOCAR et du syst\u00e8me de dispensation de m\u00e9dicaments PERSOFARM <br \/>1983 <br \/>D\u00e9veloppement et lancement du chariot d\u2019urgence PERSOLIFE <br \/>1990 <br \/>D\u00e9veloppement et production d\u2019\u00e9quipements en acier inoxydable sur mesure pour chambre st\u00e9rile <br \/>1997 <br \/>Premi\u00e8re certification ISO 9001<br \/>\nD\u00e9veloppement de WALLY, collecteur de d\u00e9chets innovant avec commande d\u2019ouverture du couvercle au genou <br \/>1998 <br \/>D\u00e9veloppement de la gamme de chariots \u00e0 linge ISEO et du syst\u00e8me modulaire pour chariots et \u00e9tag\u00e8res PERMODUL <br \/>1999 <br \/>D\u00e9veloppement du collecteur de d\u00e9chets CLIPPER <br \/>2007 <br \/>D\u00e9veloppement  des chariots multifonction EVOLIGHT et COLORLIGHT avec volet roulant, tiroirs et portes <br \/>2008 <br \/>D\u00e9veloppement du chariot de visite ERGODOC et du chariot multifonction SHANGO \u00e9quip\u00e9 d\u2019un tiroir lat\u00e9ral pour ordinateur portable <br \/>2012 <br \/>OP-LINE : une gamme compl\u00e8te d&rsquo;articles en acier inoxydable pour le bloc op\u00e9ratoire.<br \/>\nPr\u00e9sentation et lancement de PRECISO, syst\u00e8me innovant de chariots de soins modulaires <br \/>2015 <br \/>Red\u00e9finition des lignes des chariots PERSOCAR et PERSOLIFE <br \/>2017 <br \/>L&rsquo;exportation touche plus de 80 pays dans le monde <br \/>2019 <br \/>Refonte de l&rsquo;image de marque : lancement d&rsquo;un nouveau logo et d&rsquo;un nouveau site internet <br \/>2020 <br \/>FH devient un fournisseur de UGAP, lancement des chariots eWork Cart et mise \u00e0 jour de CRUSHY <\/p>\n<p>Chaque conception de produit et chaque solution client personnalis\u00e9e r\u00e9sultent d&#8217;une recherche approfondie des besoins du client. Les retours produits de nos clients nous permettent une am\u00e9lioration continue en tenant compte des normes d\u2019hygi\u00e8ne, de s\u00e9curit\u00e9, de modularit\u00e9 et de durabilit\u00e9. Notre d\u00e9partement de R&amp;D cherche en permanence des solutions pour r\u00e9soudre les probl\u00e8mes le plus souvent li\u00e9s au lieu ou m\u00e9thodes de travail. Tr\u00e8s souvent, cela conduit \u00e0 des solutions \u00ab\u00a0sur mesure\u00a0\u00bb.<\/p>\n<p>Cet \u00e9change constant entre nous et le monde de la sant\u00e9 est en effet tr\u00e8s excitant et toujours int\u00e9ressant.<\/p>\n<p>Gunnar Peroni <br \/>Pr\u00e9sident <br \/>Reconnu dans le monde entier <\/p>\n<p>Francehopital a toujours eu une vocation exportatrice, tant par sa position g\u00e9ographique que par sa culture : notre soci\u00e9t\u00e9 est implant\u00e9e en Alsace, en France et au Sud Tyrol, en Italie. Francehopital propose une offre de produits riche et vari\u00e9e, selon les fonctionnalit\u00e9s souhait\u00e9es : des chariots pour la distribution personnalis\u00e9e de m\u00e9dicaments \u00e0 ceux pour le changement du linge dans les unit\u00e9s de soins ; des \u00e9quipements pour les salles d&#8217;op\u00e9ration, les salles de soins, les urgences&#8230; ces \u00a0gammes continuent de s&#8217;agrandir r\u00e9guli\u00e8rement, avec de nouveaux mod\u00e8les et des solutions innovantes.<\/p>\n<p>Pour nous, la valeur de l&#8217;excellence vient aussi de notre capacit\u00e9 d&#8217;\u00e9coute des besoins \u00e9mis par les Etablissements de Sant\u00e9, les professionnels et les personnels de sant\u00e9 de l\u2019ensemble des pays qui utilisent nos produits.<\/p>\n<\/p>\n<h2>Certification et R\u00e9glementation<\/h2>\n<p>FRANCEHOPITAL est certifi\u00e9 <strong>ISO9001-2015<\/strong> pour garantir la qualit\u00e9 de son syst\u00e8me d\u2019organisation interne. Cette certification est l\u2019<strong>assurance pour les CLIENTS et PARTENAIRES<\/strong> que l\u2019entreprise r\u00e9unit toutes les conditions pour offrir un service de Qualit\u00e9 en p\u00e9rennisant son organisation par la formalisation du savoir-faire.<\/p>\n<p>La structure fran\u00e7aise s\u2019inscrit \u00e9galement dans une d\u00e9marche environnementale par la mise en conformit\u00e9 \u00e0 la norme <strong>ISO 14001-2015<\/strong>.<br \/>\nDans ce cadre, elle a d\u00e9fini <strong>SES OBJECTIFS<\/strong> :<\/p>\n<ul>\n<li>Pr\u00e9server les ressources naturelles et r\u00e9duire la consommation d&#8217;\u00e9nergie<\/li>\n<li>Pr\u00e9venir la pollution par la r\u00e9duction de ses d\u00e9chets non recycl\u00e9s<\/li>\n<li>R\u00e9duire les \u00e9missions de CO\u00b2<\/li>\n<li>Maintenir la conformit\u00e9 r\u00e9glementaire de notre site d&#8217;Erstein<\/li>\n<\/ul>\n<p>FRANCEHOPITAL a \u00e9galement contractualis\u00e9 un <strong>partenariat<\/strong> avec l&#8217;\u00e9co-organisme Vald\u00e9lia pour le <strong>traitement des D\u00e9chets d\u2019Equipement d\u2019Ameublement<\/strong>, et l\u2019\u00e9co-organisme Screlec pour le <strong>traitement les Piles et Accumulateurs<\/strong>.<br \/>\nDans le cadre de la Responsabilit\u00e9 Elargie du Producteur les <strong>num\u00e9ros d\u2019enregistrement<\/strong> de Francehopital en application de l\u2019article <strong>L. 541-10 de l\u2019Environnement<\/strong> sont :<\/p>\n<ul>\n<li><strong>FR022720_10TVUX pour la fili\u00e8re Ameublement<\/strong><\/li>\n<li><strong>FR022720_06HT7W pour la fili\u00e8re Piles et Accumulateurs<\/strong><\/li>\n<\/ul>\n","protected":false},"excerpt":{"rendered":"<p>&#8220;Chaque entreprise na\u00eet du r\u00eave d&#8217;un seul individu, de sa vision, d&#8217;une opportunit\u00e9 que d\u2019autres n&#8217;ont pas encore eu. Ce n&#8217;est que s&#8217;il est capable d&#8217;inspirer et de guider les autres, que sa vision se transformera en une Entreprise digne de ce nom.&#8221; Notre histoire Francehopital est l&#8217;histoire de trois g\u00e9n\u00e9rations d&#8217;hommes qui ont cr\u00e9\u00e9, [&hellip;]<\/p>\n","protected":false},"author":2,"featured_media":0,"parent":0,"menu_order":0,"comment_status":"closed","ping_status":"closed","template":"","meta":{"_acf_changed":false,"footnotes":""},"class_list":["post-6244","page","type-page","status-publish","hentry"],"acf":[],"yoast_head":"<!-- This site is optimized with the Yoast SEO plugin v25.3.1 - https:\/\/yoast.com\/wordpress\/plugins\/seo\/ -->\n<title>L&#039;entreprise - Francehopital<\/title>\n<meta name=\"description\" content=\"Francehopital con\u00e7oit et produit de la logistique hospitali\u00e8re et des chariots. Voici un bref rappel de plus de 70 ans d&#039;activit\u00e9.\" \/>\n<meta name=\"robots\" content=\"index, follow, max-snippet:-1, max-image-preview:large, max-video-preview:-1\" \/>\n<meta property=\"og:locale\" content=\"fr_FR\" \/>\n<meta property=\"og:type\" content=\"article\" \/>\n<meta property=\"og:title\" content=\"L&#039;entreprise - Francehopital\" \/>\n<meta property=\"og:description\" content=\"Francehopital con\u00e7oit et produit de la logistique hospitali\u00e8re et des chariots. Voici un bref rappel de plus de 70 ans d&#039;activit\u00e9.\" \/>\n<meta property=\"og:url\" content=\"https:\/\/www.francehopital.com\/fr\/entreprise\/\" \/>\n<meta property=\"og:site_name\" content=\"Francehopital\" \/>\n<meta property=\"article:modified_time\" content=\"2024-09-12T08:45:00+00:00\" \/>\n<meta name=\"twitter:card\" content=\"summary_large_image\" \/>\n<meta name=\"twitter:label1\" content=\"Dur\u00e9e de lecture estim\u00e9e\" \/>\n\t<meta name=\"twitter:data1\" content=\"5 minutes\" \/>\n<script type=\"application\/ld+json\" class=\"yoast-schema-graph\">{\"@context\":\"https:\/\/schema.org\",\"@graph\":[{\"@type\":\"WebPage\",\"@id\":\"https:\/\/www.francehopital.com\/fr\/entreprise\/\",\"url\":\"https:\/\/www.francehopital.com\/fr\/entreprise\/\",\"name\":\"L'entreprise - Francehopital\",\"isPartOf\":{\"@id\":\"https:\/\/www.francehopital.com\/fr\/#website\"},\"datePublished\":\"2019-06-12T15:28:29+00:00\",\"dateModified\":\"2024-09-12T08:45:00+00:00\",\"description\":\"Francehopital con\u00e7oit et produit de la logistique hospitali\u00e8re et des chariots. Voici un bref rappel de plus de 70 ans d'activit\u00e9.\",\"breadcrumb\":{\"@id\":\"https:\/\/www.francehopital.com\/fr\/entreprise\/#breadcrumb\"},\"inLanguage\":\"fr-FR\",\"potentialAction\":[{\"@type\":\"ReadAction\",\"target\":[\"https:\/\/www.francehopital.com\/fr\/entreprise\/\"]}]},{\"@type\":\"BreadcrumbList\",\"@id\":\"https:\/\/www.francehopital.com\/fr\/entreprise\/#breadcrumb\",\"itemListElement\":[{\"@type\":\"ListItem\",\"position\":1,\"name\":\"Home\",\"item\":\"https:\/\/www.francehopital.com\/fr\/\"},{\"@type\":\"ListItem\",\"position\":2,\"name\":\"L&#8217;entreprise\"}]},{\"@type\":\"WebSite\",\"@id\":\"https:\/\/www.francehopital.com\/fr\/#website\",\"url\":\"https:\/\/www.francehopital.com\/fr\/\",\"name\":\"Francehopital\",\"description\":\"Refining healthcare\",\"potentialAction\":[{\"@type\":\"SearchAction\",\"target\":{\"@type\":\"EntryPoint\",\"urlTemplate\":\"https:\/\/www.francehopital.com\/fr\/?s={search_term_string}\"},\"query-input\":{\"@type\":\"PropertyValueSpecification\",\"valueRequired\":true,\"valueName\":\"search_term_string\"}}],\"inLanguage\":\"fr-FR\"}]}<\/script>\n<!-- \/ Yoast SEO plugin. -->","yoast_head_json":{"title":"L'entreprise - Francehopital","description":"Francehopital con\u00e7oit et produit de la logistique hospitali\u00e8re et des chariots. Voici un bref rappel de plus de 70 ans d'activit\u00e9.","robots":{"index":"index","follow":"follow","max-snippet":"max-snippet:-1","max-image-preview":"max-image-preview:large","max-video-preview":"max-video-preview:-1"},"og_locale":"fr_FR","og_type":"article","og_title":"L'entreprise - Francehopital","og_description":"Francehopital con\u00e7oit et produit de la logistique hospitali\u00e8re et des chariots. Voici un bref rappel de plus de 70 ans d'activit\u00e9.","og_url":"https:\/\/www.francehopital.com\/fr\/entreprise\/","og_site_name":"Francehopital","article_modified_time":"2024-09-12T08:45:00+00:00","twitter_card":"summary_large_image","twitter_misc":{"Dur\u00e9e de lecture estim\u00e9e":"5 minutes"},"schema":{"@context":"https:\/\/schema.org","@graph":[{"@type":"WebPage","@id":"https:\/\/www.francehopital.com\/fr\/entreprise\/","url":"https:\/\/www.francehopital.com\/fr\/entreprise\/","name":"L'entreprise - Francehopital","isPartOf":{"@id":"https:\/\/www.francehopital.com\/fr\/#website"},"datePublished":"2019-06-12T15:28:29+00:00","dateModified":"2024-09-12T08:45:00+00:00","description":"Francehopital con\u00e7oit et produit de la logistique hospitali\u00e8re et des chariots. Voici un bref rappel de plus de 70 ans d'activit\u00e9.","breadcrumb":{"@id":"https:\/\/www.francehopital.com\/fr\/entreprise\/#breadcrumb"},"inLanguage":"fr-FR","potentialAction":[{"@type":"ReadAction","target":["https:\/\/www.francehopital.com\/fr\/entreprise\/"]}]},{"@type":"BreadcrumbList","@id":"https:\/\/www.francehopital.com\/fr\/entreprise\/#breadcrumb","itemListElement":[{"@type":"ListItem","position":1,"name":"Home","item":"https:\/\/www.francehopital.com\/fr\/"},{"@type":"ListItem","position":2,"name":"L&#8217;entreprise"}]},{"@type":"WebSite","@id":"https:\/\/www.francehopital.com\/fr\/#website","url":"https:\/\/www.francehopital.com\/fr\/","name":"Francehopital","description":"Refining healthcare","potentialAction":[{"@type":"SearchAction","target":{"@type":"EntryPoint","urlTemplate":"https:\/\/www.francehopital.com\/fr\/?s={search_term_string}"},"query-input":{"@type":"PropertyValueSpecification","valueRequired":true,"valueName":"search_term_string"}}],"inLanguage":"fr-FR"}]}},"_links":{"self":[{"href":"https:\/\/www.francehopital.com\/fr\/wp-json\/wp\/v2\/pages\/6244","targetHints":{"allow":["GET"]}}],"collection":[{"href":"https:\/\/www.francehopital.com\/fr\/wp-json\/wp\/v2\/pages"}],"about":[{"href":"https:\/\/www.francehopital.com\/fr\/wp-json\/wp\/v2\/types\/page"}],"author":[{"embeddable":true,"href":"https:\/\/www.francehopital.com\/fr\/wp-json\/wp\/v2\/users\/2"}],"replies":[{"embeddable":true,"href":"https:\/\/www.francehopital.com\/fr\/wp-json\/wp\/v2\/comments?post=6244"}],"version-history":[{"count":0,"href":"https:\/\/www.francehopital.com\/fr\/wp-json\/wp\/v2\/pages\/6244\/revisions"}],"wp:attachment":[{"href":"https:\/\/www.francehopital.com\/fr\/wp-json\/wp\/v2\/media?parent=6244"}],"curies":[{"name":"wp","href":"https:\/\/api.w.org\/{rel}","templated":true}]}}