{"id":6380,"date":"2019-05-15T16:02:56","date_gmt":"2019-05-15T14:02:56","guid":{"rendered":"https:\/\/www.francehopital.com\/cookies\/"},"modified":"2022-11-18T08:51:00","modified_gmt":"2022-11-18T07:51:00","slug":"cookies","status":"publish","type":"page","link":"https:\/\/www.francehopital.com\/fr\/cookies\/","title":{"rendered":"Cookies &amp; Confidentialit\u00e9"},"content":{"rendered":"<p>Le site Internet www.francehopital.com (\u201c<strong>Site Internet<\/strong>\u201d ou \u201c<strong>Site<\/strong>\u201c) utilise des cookies. Les cookies sont des cha\u00eenes de texte cr\u00e9\u00e9es par un serveur et stock\u00e9es sur le disque dur de l\u2019ordinateur ou tout autre dispositif utilis\u00e9 par l\u2019utilisateur pour acc\u00e9der \u00e0 Internet (smartphone, tablette, etc) et ensuite \u00eatre retransmis \u00e0 un acc\u00e8s ult\u00e9rieur \u00e0 l\u2019Internet de l\u2019utilisateur m\u00eame. Les cookies vous permettent de collecter des informations sur la navigation de l\u2019utilisateur sur le Site, par exemple pour m\u00e9moriser vos pr\u00e9f\u00e9rences linguistiques ou la devise utilis\u00e9e pour un achat et les proposer \u00e0 la prochaine visite pour faciliter l\u2019utilisation du Site. Les cookies peuvent \u00eatre stock\u00e9s en permanence sur votre ordinateur et avoir une dur\u00e9e variable (cookies dits persistants), mais ils peuvent \u00e9galement dispara\u00eetre lors de la fermeture du navigateur ou avoir une dur\u00e9e limit\u00e9e (cookies de session). Des cookies peuvent \u00eatre install\u00e9s par le site que vous visitez (cookies dits de premi\u00e8re partie) ou par d\u2019autres sites Web (cookies dits de tiers). Le Site utilise des cookies de premi\u00e8re partie, des cookies de tiers et d\u2019autres technologies similaires, tels que mieux d\u00e9crits ci-dessous.<\/p>\n<h2>Contr\u00f4leur de donn\u00e9es<\/h2>\n<p>FRANCEHOPITAL SAS \u2013 Z.I. Ouest \u2013 27 Rue Georges Besse \u2013 B.P. 50030 \u2013 67151 ERSTEIN Cedex \u2013 FRANCE (ci-apr\u00e8s \u00e9galement la \u201cSoci\u00e9t\u00e9\u201d).<\/p>\n<h2>1 \u2013 Finalit\u00e9s du traitement des donn\u00e9es<\/h2>\n<p><strong>1.1 \u2013 Cookies techniques pour la navigation et la fonctionnalit\u00e9 :<br \/>\n<\/strong>Le Site utilise des cookies de premi\u00e8re partie, des cookies de session et des cookies persistants pour vous permettre une navigation et une utilisation s\u00fbre et efficace du Site ainsi que pour am\u00e9liorer les services rendus par le Site. Il s\u2019agit de cookies qui, par exemple, permettent la reconnaissance de la langue s\u00e9lectionn\u00e9e et du pays \u00e0 partir duquel vous vous connectez au Site. Ces cookies, qui vous reconnaissent comme un nouvel acc\u00e8s au Site, vous emp\u00eachent d\u2019entrer vos donn\u00e9es \u00e0 chaque fois. Enfin, les cookies de fonctionnalit\u00e9 am\u00e9liorent l\u2019exp\u00e9rience de navigation.<\/p>\n<p><strong>1.2 \u2013 Cookies de profilage :<br \/>\n<\/strong>Le Site utilise des cookies de profilage avec lesquels vous pouvez noter les pr\u00e9f\u00e9rences trouv\u00e9es lors de chaque visite et ainsi cr\u00e9er des profils qui vous permettent d\u2019envoyer des messages plus conformes \u00e0 vos pr\u00e9f\u00e9rences et int\u00e9r\u00eats. Ce Site permet \u00e9galement l\u2019utilisation de cookies de profilage tiers qui servent \u00e0 vous faire visualiser nos propositions commerciales m\u00eame lorsque vous visitez d\u2019autres sites (reciblage).<\/p>\n<p><strong>1.3 \u2013 Cookies analytiques :<br \/>\n<\/strong>Le Site utilise des cookies Google Analytics pour collecter des informations sur l\u2019utilisation du Site par les utilisateurs (nombre de visiteurs, pages visit\u00e9es, temps pass\u00e9 sur le Site, etc.) Toutefois, les adresses IP des utilisateurs sont collect\u00e9es et trait\u00e9es de mani\u00e8re anonyme et les param\u00e8tres du service ne permettent pas le partage de donn\u00e9es avec Google. Pour plus de d\u00e9tails et d\u2019informations, veuillez visiter la page des fournisseurs ici <a href=\"https:\/\/support.google.com\/analytics\/answer\/1011397\">https:\/\/support.google.com\/analytics\/answer\/1011397<\/a>. Dans tous les cas, il peut d\u00e9sactiver les cookies Google Analytics en t\u00e9l\u00e9chargeant un plug-in de navigateur sp\u00e9cifique disponible ici <a href=\"https:\/\/tools.google.com\/dlpage\/gaoptout\">https:\/\/tools.google.com\/dlpage\/gaoptout<\/a>.<\/p>\n<h2>2 \u2013 Base juridique du traitement des donn\u00e9es<\/h2>\n<p><strong>2.1 \u2013\u00a0<\/strong><strong>Cookies techniques pour la navigation et la fonctionnalit\u00e9 :<\/strong> ex\u00e9cution d\u2019un contrat dont vous faites partie (utilisation du Site).<\/p>\n<p><strong>2.2 \u2013 Cookies de profilage :<\/strong> consentement (par le biais d\u2019une banni\u00e8re, facultative et r\u00e9vocable \u00e0 tout moment).<\/p>\n<p><strong>2.3 \u2013 Cookies analytiques :<\/strong> int\u00e9r\u00eat l\u00e9gitime.<\/p>\n<h2>3 \u2013 Conservation des donn\u00e9es personnelles<\/h2>\n<p><strong>3.1 \u2013 Cookies techniques pour la navigation et la fonctionnalit\u00e9 et Cookies analytiques :<\/strong> pendant toute la dur\u00e9e de la session de navigation sur le Site et persistent m\u00eame \u00e0 la fin de celle-ci.<\/p>\n<p><strong>3.2 \u2013 Cookies de profilage :<\/strong> jusqu\u2019\u00e0 la r\u00e9vocation du consentement \u00e0 cette fin, qui se produit lors de l\u2019annulation des cookies de profilage dans le cache du navigateur.<\/p>\n<p>Une fois les conditions de stockage ci-dessus expir\u00e9es, vos donn\u00e9es personnelles seront d\u00e9truites, supprim\u00e9es ou rendues anonymes, conform\u00e9ment aux proc\u00e9dures techniques d\u2019annulation et de sauvegarde.<\/p>\n<h2>4 \u2013 Reliure du traitement des donn\u00e9es<\/h2>\n<p>Au moment de l\u2019acc\u00e8s \u00e0 n\u2019importe quelle page du Site, il y a une banni\u00e8re qui contient une br\u00e8ve information. En fermant la banni\u00e8re ou en continuant \u00e0 naviguer sur le site, en acc\u00e9dant \u00e0 une autre zone du site ou en s\u00e9lectionnant un \u00e9l\u00e9ment de celui-ci (par exemple, une image ou un lien), vous donnez votre consentement \u00e0 l\u2019utilisation des cookies. Le consentement \u00e0 l\u2019utilisation de cookies est enregistr\u00e9 avec un \u201ccookie technique\u201d. Peut conna\u00eetre les informations et les moyens de d\u00e9sactiver les cookies tiers en cliquant sur les liens dans le tableau contenant la liste des cookies sur cette page.<\/p>\n<h2>5 \u2013 Vos droits en tant que personnes concern\u00e9es<\/h2>\n<p>Sans pr\u00e9judice des dispositions du point 8 des <a href=\"https:\/\/www.francehopital.com\/privacy-policy\/\">Informations relatives au traitement des donn\u00e9es personnelles<\/a>, vous pouvez vous opposer \u00e0 l\u2019enregistrement de cookies sur votre disque dur en configurant votre navigateur pour d\u00e9sactiver les cookies. Voici les modes offerts par les principaux navigateurs :<\/p>\n<div class=\"cm-cookie-table\">\n<table>\n<tbody>\n<tr>\n<td><a href=\"https:\/\/support.mozilla.org\/it\/kb\/Gestione%20dei%20cookie\" target=\"_blank\" rel=\"noopener\">Mozilla Firefox<\/a><\/td>\n<td>https:\/\/support.mozilla.org\/it\/kb\/Gestione%20dei%20cookie<\/td>\n<\/tr>\n<tr>\n<td><a href=\"https:\/\/support.google.com\/chrome\/answer\/95647?hl=it\" target=\"_blank\" rel=\"noopener\">Google Chrome<\/a><\/td>\n<td>https:\/\/support.google.com\/chrome\/answer\/95647?hl=it<\/td>\n<\/tr>\n<tr>\n<td><a href=\"http:\/\/windows.microsoft.com\/it-it\/windows-vista\/block-or-allow-cookies\" target=\"_blank\" rel=\"noopener\">Internet Explorer<\/a><\/td>\n<td>http:\/\/windows.microsoft.com\/it-it\/windows-vista\/block-or-allow-cookies<\/td>\n<\/tr>\n<tr>\n<td><a href=\"https:\/\/support.apple.com\/kb\/PH17191?viewlocale=it_IT&amp;locale=it_IT\" target=\"_blank\" rel=\"noopener\">Safari 6\/7 Mavericks<\/a><\/td>\n<td>https:\/\/support.apple.com\/kb\/PH17191?viewlocale=it_IT&amp;locale=it_IT<\/td>\n<\/tr>\n<tr>\n<td><a href=\"https:\/\/support.apple.com\/kb\/PH19214?viewlocale=it_IT&amp;locale=it_IT\" target=\"_blank\" rel=\"noopener\">Safari 8 Yosemite<\/a><\/td>\n<td>https:\/\/support.apple.com\/kb\/PH19214?viewlocale=it_IT&amp;locale=it_IT<\/td>\n<\/tr>\n<tr>\n<td><a href=\"https:\/\/support.apple.com\/it-it\/HT201265\" target=\"_blank\" rel=\"noopener\">Safari su iPhone, iPad, o iPod touch<\/a><\/td>\n<td>https:\/\/support.apple.com\/it-it\/HT201265<\/td>\n<\/tr>\n<\/tbody>\n<\/table>\n<\/div>\n<p>Apr\u00e8s cette op\u00e9ration, cependant, certaines fonctions de la page Web peuvent ne pas \u00eatre ex\u00e9cut\u00e9es correctement.<\/p>\n<h2>6 \u2013 Caract\u00e9ristiques des cookies utilis\u00e9s par le site<\/h2>\n<p>Vous pouvez consulter la liste compl\u00e8te des cookies utilis\u00e9s par le Site et d\u00e9finir vos pr\u00e9f\u00e9rences en d\u00e9tail en cliquant sur le lien suivant<\/p>\n<p><a class=\"cm-open-cookie-notice cm-open-cookie-notice-shortcode-type-button\" href=\"#\"><span class=\"cm-open-cookie-notice-span\">Gestion compl\u00e8te des listes et des pr\u00e9f\u00e9rences en mati\u00e8re de cookies<\/span><\/a><\/p>\n<p>&nbsp;<\/p>\n<h2>7 \u2013 Sujets autoris\u00e9s au traitement des donn\u00e9es<\/h2>\n<p>Les donn\u00e9es recueillies par le biais des cookies seront trait\u00e9es par des employ\u00e9s, des collaborateurs de la Soci\u00e9t\u00e9 ou des sujets externes, en tant que responsables du traitement des donn\u00e9es, qui effectuent des t\u00e2ches de nature technique et organisationnelle au nom de la Soci\u00e9t\u00e9.<br \/>\nUne liste compl\u00e8te et mise \u00e0 jour des responsables du traitement des donn\u00e9es d\u00e9sign\u00e9s par la Soci\u00e9t\u00e9 peut \u00eatre obtenue en \u00e9crivant un courriel \u00e0 <a href=\"mailto:privacy@francehopital.com\">privacy@francehopital.com<\/a><\/p>\n<p>Les Donn\u00e9es Personnelles ne feront en aucun cas l\u2019objet d\u2019une diffusion.<\/p>\n","protected":false},"excerpt":{"rendered":"<p>Le site Internet www.francehopital.com (\u201cSite Internet\u201d ou \u201cSite\u201c) utilise des cookies. Les cookies sont des cha\u00eenes de texte cr\u00e9\u00e9es par un serveur et stock\u00e9es sur le disque dur de l\u2019ordinateur ou tout autre dispositif utilis\u00e9 par l\u2019utilisateur pour acc\u00e9der \u00e0 Internet (smartphone, tablette, etc) et ensuite \u00eatre retransmis \u00e0 un acc\u00e8s ult\u00e9rieur \u00e0 l\u2019Internet de [&hellip;]<\/p>\n","protected":false},"author":2,"featured_media":0,"parent":0,"menu_order":0,"comment_status":"closed","ping_status":"closed","template":"","meta":{"_acf_changed":false,"footnotes":""},"class_list":["post-6380","page","type-page","status-publish","hentry"],"acf":[],"yoast_head":"<!-- This site is optimized with the Yoast SEO plugin v25.3.1 - https:\/\/yoast.com\/wordpress\/plugins\/seo\/ -->\n<title>Cookies &amp; Confidentialit\u00e9 - Francehopital<\/title>\n<meta name=\"robots\" content=\"index, follow, max-snippet:-1, max-image-preview:large, max-video-preview:-1\" \/>\n<meta property=\"og:locale\" content=\"fr_FR\" \/>\n<meta property=\"og:type\" content=\"article\" \/>\n<meta property=\"og:title\" content=\"Cookies &amp; Confidentialit\u00e9 - Francehopital\" \/>\n<meta property=\"og:description\" content=\"Le site Internet www.francehopital.com (\u201cSite Internet\u201d ou \u201cSite\u201c) utilise des cookies. Les cookies sont des cha\u00eenes de texte cr\u00e9\u00e9es par un serveur et stock\u00e9es sur le disque dur de l\u2019ordinateur ou tout autre dispositif utilis\u00e9 par l\u2019utilisateur pour acc\u00e9der \u00e0 Internet (smartphone, tablette, etc) et ensuite \u00eatre retransmis \u00e0 un acc\u00e8s ult\u00e9rieur \u00e0 l\u2019Internet de [&hellip;]\" \/>\n<meta property=\"og:url\" content=\"https:\/\/www.francehopital.com\/fr\/cookies\/\" \/>\n<meta property=\"og:site_name\" content=\"Francehopital\" \/>\n<meta property=\"article:modified_time\" content=\"2022-11-18T07:51:00+00:00\" \/>\n<meta name=\"twitter:card\" content=\"summary_large_image\" \/>\n<meta name=\"twitter:label1\" content=\"Dur\u00e9e de lecture estim\u00e9e\" \/>\n\t<meta name=\"twitter:data1\" content=\"5 minutes\" \/>\n<script type=\"application\/ld+json\" class=\"yoast-schema-graph\">{\"@context\":\"https:\/\/schema.org\",\"@graph\":[{\"@type\":\"WebPage\",\"@id\":\"https:\/\/www.francehopital.com\/fr\/cookies\/\",\"url\":\"https:\/\/www.francehopital.com\/fr\/cookies\/\",\"name\":\"Cookies &amp; Confidentialit\u00e9 - Francehopital\",\"isPartOf\":{\"@id\":\"https:\/\/www.francehopital.com\/fr\/#website\"},\"datePublished\":\"2019-05-15T14:02:56+00:00\",\"dateModified\":\"2022-11-18T07:51:00+00:00\",\"breadcrumb\":{\"@id\":\"https:\/\/www.francehopital.com\/fr\/cookies\/#breadcrumb\"},\"inLanguage\":\"fr-FR\",\"potentialAction\":[{\"@type\":\"ReadAction\",\"target\":[\"https:\/\/www.francehopital.com\/fr\/cookies\/\"]}]},{\"@type\":\"BreadcrumbList\",\"@id\":\"https:\/\/www.francehopital.com\/fr\/cookies\/#breadcrumb\",\"itemListElement\":[{\"@type\":\"ListItem\",\"position\":1,\"name\":\"Home\",\"item\":\"https:\/\/www.francehopital.com\/fr\/\"},{\"@type\":\"ListItem\",\"position\":2,\"name\":\"Cookies &amp; Confidentialit\u00e9\"}]},{\"@type\":\"WebSite\",\"@id\":\"https:\/\/www.francehopital.com\/fr\/#website\",\"url\":\"https:\/\/www.francehopital.com\/fr\/\",\"name\":\"Francehopital\",\"description\":\"Refining healthcare\",\"potentialAction\":[{\"@type\":\"SearchAction\",\"target\":{\"@type\":\"EntryPoint\",\"urlTemplate\":\"https:\/\/www.francehopital.com\/fr\/?s={search_term_string}\"},\"query-input\":{\"@type\":\"PropertyValueSpecification\",\"valueRequired\":true,\"valueName\":\"search_term_string\"}}],\"inLanguage\":\"fr-FR\"}]}<\/script>\n<!-- \/ Yoast SEO plugin. -->","yoast_head_json":{"title":"Cookies &amp; Confidentialit\u00e9 - Francehopital","robots":{"index":"index","follow":"follow","max-snippet":"max-snippet:-1","max-image-preview":"max-image-preview:large","max-video-preview":"max-video-preview:-1"},"og_locale":"fr_FR","og_type":"article","og_title":"Cookies &amp; Confidentialit\u00e9 - Francehopital","og_description":"Le site Internet www.francehopital.com (\u201cSite Internet\u201d ou \u201cSite\u201c) utilise des cookies. Les cookies sont des cha\u00eenes de texte cr\u00e9\u00e9es par un serveur et stock\u00e9es sur le disque dur de l\u2019ordinateur ou tout autre dispositif utilis\u00e9 par l\u2019utilisateur pour acc\u00e9der \u00e0 Internet (smartphone, tablette, etc) et ensuite \u00eatre retransmis \u00e0 un acc\u00e8s ult\u00e9rieur \u00e0 l\u2019Internet de [&hellip;]","og_url":"https:\/\/www.francehopital.com\/fr\/cookies\/","og_site_name":"Francehopital","article_modified_time":"2022-11-18T07:51:00+00:00","twitter_card":"summary_large_image","twitter_misc":{"Dur\u00e9e de lecture estim\u00e9e":"5 minutes"},"schema":{"@context":"https:\/\/schema.org","@graph":[{"@type":"WebPage","@id":"https:\/\/www.francehopital.com\/fr\/cookies\/","url":"https:\/\/www.francehopital.com\/fr\/cookies\/","name":"Cookies &amp; Confidentialit\u00e9 - Francehopital","isPartOf":{"@id":"https:\/\/www.francehopital.com\/fr\/#website"},"datePublished":"2019-05-15T14:02:56+00:00","dateModified":"2022-11-18T07:51:00+00:00","breadcrumb":{"@id":"https:\/\/www.francehopital.com\/fr\/cookies\/#breadcrumb"},"inLanguage":"fr-FR","potentialAction":[{"@type":"ReadAction","target":["https:\/\/www.francehopital.com\/fr\/cookies\/"]}]},{"@type":"BreadcrumbList","@id":"https:\/\/www.francehopital.com\/fr\/cookies\/#breadcrumb","itemListElement":[{"@type":"ListItem","position":1,"name":"Home","item":"https:\/\/www.francehopital.com\/fr\/"},{"@type":"ListItem","position":2,"name":"Cookies &amp; Confidentialit\u00e9"}]},{"@type":"WebSite","@id":"https:\/\/www.francehopital.com\/fr\/#website","url":"https:\/\/www.francehopital.com\/fr\/","name":"Francehopital","description":"Refining healthcare","potentialAction":[{"@type":"SearchAction","target":{"@type":"EntryPoint","urlTemplate":"https:\/\/www.francehopital.com\/fr\/?s={search_term_string}"},"query-input":{"@type":"PropertyValueSpecification","valueRequired":true,"valueName":"search_term_string"}}],"inLanguage":"fr-FR"}]}},"_links":{"self":[{"href":"https:\/\/www.francehopital.com\/fr\/wp-json\/wp\/v2\/pages\/6380","targetHints":{"allow":["GET"]}}],"collection":[{"href":"https:\/\/www.francehopital.com\/fr\/wp-json\/wp\/v2\/pages"}],"about":[{"href":"https:\/\/www.francehopital.com\/fr\/wp-json\/wp\/v2\/types\/page"}],"author":[{"embeddable":true,"href":"https:\/\/www.francehopital.com\/fr\/wp-json\/wp\/v2\/users\/2"}],"replies":[{"embeddable":true,"href":"https:\/\/www.francehopital.com\/fr\/wp-json\/wp\/v2\/comments?post=6380"}],"version-history":[{"count":0,"href":"https:\/\/www.francehopital.com\/fr\/wp-json\/wp\/v2\/pages\/6380\/revisions"}],"wp:attachment":[{"href":"https:\/\/www.francehopital.com\/fr\/wp-json\/wp\/v2\/media?parent=6380"}],"curies":[{"name":"wp","href":"https:\/\/api.w.org\/{rel}","templated":true}]}}