{"id":6394,"date":"2019-06-12T17:04:23","date_gmt":"2019-06-12T15:04:23","guid":{"rendered":"https:\/\/www.francehopital.com\/contacts\/"},"modified":"2023-09-27T09:54:00","modified_gmt":"2023-09-27T07:54:00","slug":"contacts","status":"publish","type":"page","link":"https:\/\/www.francehopital.com\/fr\/contacts\/","title":{"rendered":"Contacts"},"content":{"rendered":"<p>Renseignements G\u00e9n\u00e9raux <\/p>\n<p>T\u00e9l\u00e9phone : +39 0473 552 611<br \/>\nT\u00e9l\u00e9copie : +39 0473 552 699<br \/>\nCourriel : <a href=\"mailto:info@francehopital.com\">info@francehopital.com<\/a><\/p>\n<p>D\u00e9partement des Ventes France <\/p>\n<p>T\u00e9l\u00e9phone\u00a0: 03 88 59 87 87<br \/>\nT\u00e9l\u00e9copie : 03 88 98 04 44<br \/>\nCourriel : <a href=\"mailto:francehopital@francehopital.fr\">francehopital@francehopital.fr<\/a><\/p>\n<p>D\u00e9partement des Ventes Export <\/p>\n<p>T\u00e9l\u00e9phone : +39 0473 552 640<strong><br \/>\n<\/strong>Courriel : <a href=\"mailto:export@francehopital.com\">export@francehopital.com<\/a><\/p>\n<p>D\u00e9partement des Ventes Italie <\/p>\n<p>T\u00e9l\u00e9phone : +39 0473 552 611<strong><br \/>\n<\/strong>Courriel : <a href=\"mailto:italia@francehopital.com\">italia@francehopital.com<\/a><\/p>\n<p>Service des Achats <\/p>\n<p>Courriel : <a href=\"mailto:acquisti@francehopital.com\">acquisti@francehopital.com<\/a><\/p>\n<p>Service Technique <\/p>\n<p>T\u00e9l\u00e9phone : +39 0473 552 650<strong><br \/>\n<\/strong>Courriel : <a href=\"mailto:tecnico@francehopital.com\">tecnico@francehopital.com<\/a><\/p>\n<p>D\u00e9partement Recherche &amp; D\u00e9veloppement <\/p>\n<p>T\u00e9l\u00e9phone : +39 0473 552 651<strong><br \/>\n<\/strong>Courriel : <a href=\"mailto:technical@francehopital.com\">technical@francehopital.com<\/a><\/p>\n<p>Centre Logistique <\/p>\n<p>Via Antonio Vivaldi 3<strong><br \/>\n<\/strong>I-25012 Malpaga Di Calvisano \u2013 Brescia<strong><br \/>\n<\/strong>Italie<\/p><\/p>\n","protected":false},"excerpt":{"rendered":"<p>Renseignements G\u00e9n\u00e9raux T\u00e9l\u00e9phone : +39 0473 552 611 T\u00e9l\u00e9copie : +39 0473 552 699 Courriel : info@francehopital.com D\u00e9partement des Ventes France T\u00e9l\u00e9phone\u00a0: 03 88 59 87 87 T\u00e9l\u00e9copie : 03 88 98 04 44 Courriel : francehopital@francehopital.fr D\u00e9partement des Ventes Export T\u00e9l\u00e9phone : +39 0473 552 640 Courriel : export@francehopital.com D\u00e9partement des Ventes Italie T\u00e9l\u00e9phone [&hellip;]<\/p>\n","protected":false},"author":2,"featured_media":0,"parent":0,"menu_order":0,"comment_status":"closed","ping_status":"closed","template":"page-contacts.php","meta":{"_acf_changed":false,"footnotes":""},"class_list":["post-6394","page","type-page","status-publish","hentry"],"acf":[],"yoast_head":"<!-- This site is optimized with the Yoast SEO plugin v25.3.1 - https:\/\/yoast.com\/wordpress\/plugins\/seo\/ -->\n<title>Contacts - Francehopital<\/title>\n<meta name=\"robots\" content=\"index, follow, max-snippet:-1, max-image-preview:large, max-video-preview:-1\" \/>\n<meta property=\"og:locale\" content=\"fr_FR\" \/>\n<meta property=\"og:type\" content=\"article\" \/>\n<meta property=\"og:title\" content=\"Contacts - Francehopital\" \/>\n<meta property=\"og:description\" content=\"Renseignements G\u00e9n\u00e9raux T\u00e9l\u00e9phone : +39 0473 552 611 T\u00e9l\u00e9copie : +39 0473 552 699 Courriel : info@francehopital.com D\u00e9partement des Ventes France T\u00e9l\u00e9phone\u00a0: 03 88 59 87 87 T\u00e9l\u00e9copie : 03 88 98 04 44 Courriel : francehopital@francehopital.fr D\u00e9partement des Ventes Export T\u00e9l\u00e9phone : +39 0473 552 640 Courriel : export@francehopital.com D\u00e9partement des Ventes Italie T\u00e9l\u00e9phone [&hellip;]\" \/>\n<meta property=\"og:url\" content=\"https:\/\/www.francehopital.com\/fr\/contacts\/\" \/>\n<meta property=\"og:site_name\" content=\"Francehopital\" \/>\n<meta property=\"article:modified_time\" content=\"2023-09-27T07:54:00+00:00\" \/>\n<meta name=\"twitter:card\" content=\"summary_large_image\" \/>\n<meta name=\"twitter:label1\" content=\"Dur\u00e9e de lecture estim\u00e9e\" \/>\n\t<meta name=\"twitter:data1\" content=\"1 minute\" \/>\n<script type=\"application\/ld+json\" class=\"yoast-schema-graph\">{\"@context\":\"https:\/\/schema.org\",\"@graph\":[{\"@type\":\"WebPage\",\"@id\":\"https:\/\/www.francehopital.com\/fr\/contacts\/\",\"url\":\"https:\/\/www.francehopital.com\/fr\/contacts\/\",\"name\":\"Contacts - Francehopital\",\"isPartOf\":{\"@id\":\"https:\/\/www.francehopital.com\/fr\/#website\"},\"datePublished\":\"2019-06-12T15:04:23+00:00\",\"dateModified\":\"2023-09-27T07:54:00+00:00\",\"breadcrumb\":{\"@id\":\"https:\/\/www.francehopital.com\/fr\/contacts\/#breadcrumb\"},\"inLanguage\":\"fr-FR\",\"potentialAction\":[{\"@type\":\"ReadAction\",\"target\":[\"https:\/\/www.francehopital.com\/fr\/contacts\/\"]}]},{\"@type\":\"BreadcrumbList\",\"@id\":\"https:\/\/www.francehopital.com\/fr\/contacts\/#breadcrumb\",\"itemListElement\":[{\"@type\":\"ListItem\",\"position\":1,\"name\":\"Home\",\"item\":\"https:\/\/www.francehopital.com\/fr\/\"},{\"@type\":\"ListItem\",\"position\":2,\"name\":\"Contacts\"}]},{\"@type\":\"WebSite\",\"@id\":\"https:\/\/www.francehopital.com\/fr\/#website\",\"url\":\"https:\/\/www.francehopital.com\/fr\/\",\"name\":\"Francehopital\",\"description\":\"Refining healthcare\",\"potentialAction\":[{\"@type\":\"SearchAction\",\"target\":{\"@type\":\"EntryPoint\",\"urlTemplate\":\"https:\/\/www.francehopital.com\/fr\/?s={search_term_string}\"},\"query-input\":{\"@type\":\"PropertyValueSpecification\",\"valueRequired\":true,\"valueName\":\"search_term_string\"}}],\"inLanguage\":\"fr-FR\"}]}<\/script>\n<!-- \/ Yoast SEO plugin. -->","yoast_head_json":{"title":"Contacts - Francehopital","robots":{"index":"index","follow":"follow","max-snippet":"max-snippet:-1","max-image-preview":"max-image-preview:large","max-video-preview":"max-video-preview:-1"},"og_locale":"fr_FR","og_type":"article","og_title":"Contacts - Francehopital","og_description":"Renseignements G\u00e9n\u00e9raux T\u00e9l\u00e9phone : +39 0473 552 611 T\u00e9l\u00e9copie : +39 0473 552 699 Courriel : info@francehopital.com D\u00e9partement des Ventes France T\u00e9l\u00e9phone\u00a0: 03 88 59 87 87 T\u00e9l\u00e9copie : 03 88 98 04 44 Courriel : francehopital@francehopital.fr D\u00e9partement des Ventes Export T\u00e9l\u00e9phone : +39 0473 552 640 Courriel : export@francehopital.com D\u00e9partement des Ventes Italie T\u00e9l\u00e9phone [&hellip;]","og_url":"https:\/\/www.francehopital.com\/fr\/contacts\/","og_site_name":"Francehopital","article_modified_time":"2023-09-27T07:54:00+00:00","twitter_card":"summary_large_image","twitter_misc":{"Dur\u00e9e de lecture estim\u00e9e":"1 minute"},"schema":{"@context":"https:\/\/schema.org","@graph":[{"@type":"WebPage","@id":"https:\/\/www.francehopital.com\/fr\/contacts\/","url":"https:\/\/www.francehopital.com\/fr\/contacts\/","name":"Contacts - Francehopital","isPartOf":{"@id":"https:\/\/www.francehopital.com\/fr\/#website"},"datePublished":"2019-06-12T15:04:23+00:00","dateModified":"2023-09-27T07:54:00+00:00","breadcrumb":{"@id":"https:\/\/www.francehopital.com\/fr\/contacts\/#breadcrumb"},"inLanguage":"fr-FR","potentialAction":[{"@type":"ReadAction","target":["https:\/\/www.francehopital.com\/fr\/contacts\/"]}]},{"@type":"BreadcrumbList","@id":"https:\/\/www.francehopital.com\/fr\/contacts\/#breadcrumb","itemListElement":[{"@type":"ListItem","position":1,"name":"Home","item":"https:\/\/www.francehopital.com\/fr\/"},{"@type":"ListItem","position":2,"name":"Contacts"}]},{"@type":"WebSite","@id":"https:\/\/www.francehopital.com\/fr\/#website","url":"https:\/\/www.francehopital.com\/fr\/","name":"Francehopital","description":"Refining healthcare","potentialAction":[{"@type":"SearchAction","target":{"@type":"EntryPoint","urlTemplate":"https:\/\/www.francehopital.com\/fr\/?s={search_term_string}"},"query-input":{"@type":"PropertyValueSpecification","valueRequired":true,"valueName":"search_term_string"}}],"inLanguage":"fr-FR"}]}},"_links":{"self":[{"href":"https:\/\/www.francehopital.com\/fr\/wp-json\/wp\/v2\/pages\/6394","targetHints":{"allow":["GET"]}}],"collection":[{"href":"https:\/\/www.francehopital.com\/fr\/wp-json\/wp\/v2\/pages"}],"about":[{"href":"https:\/\/www.francehopital.com\/fr\/wp-json\/wp\/v2\/types\/page"}],"author":[{"embeddable":true,"href":"https:\/\/www.francehopital.com\/fr\/wp-json\/wp\/v2\/users\/2"}],"replies":[{"embeddable":true,"href":"https:\/\/www.francehopital.com\/fr\/wp-json\/wp\/v2\/comments?post=6394"}],"version-history":[{"count":0,"href":"https:\/\/www.francehopital.com\/fr\/wp-json\/wp\/v2\/pages\/6394\/revisions"}],"wp:attachment":[{"href":"https:\/\/www.francehopital.com\/fr\/wp-json\/wp\/v2\/media?parent=6394"}],"curies":[{"name":"wp","href":"https:\/\/api.w.org\/{rel}","templated":true}]}}