{"id":19657,"date":"2022-01-17T14:14:39","date_gmt":"2022-01-17T13:14:39","guid":{"rendered":"https:\/\/www.francehopital.com\/features-video-removable-drawer\/"},"modified":"2022-01-17T14:19:00","modified_gmt":"2022-01-17T13:19:00","slug":"video-dettagli-cassetto-rimovibile","status":"publish","type":"page","link":"https:\/\/www.francehopital.com\/it\/video-dettagli-cassetto-rimovibile\/","title":{"rendered":"Dettagli FH &#8211; Cassetto rimovibile"},"content":{"rendered":"<p>Un Cassetto-FH \u00e8 rimovibile&#8230;<\/p>\n<\/p>\n<p>&#8230; ed \u00e8 anche disponibile trasparente. Vedere un oggetto prima di prenderlo fa risparmiare tempo.<\/p>\n<p>Perch\u00e8 rimuovere un cassetto? Per esempio per sanitizzarlo al meglio.<\/p>\n","protected":false},"excerpt":{"rendered":"<p>Un Cassetto-FH \u00e8 rimovibile&#8230; &#8230; ed \u00e8 anche disponibile trasparente. Vedere un oggetto prima di prenderlo fa risparmiare tempo. Perch\u00e8 rimuovere un cassetto? Per esempio per sanitizzarlo al meglio.<\/p>\n","protected":false},"author":6,"featured_media":0,"parent":0,"menu_order":0,"comment_status":"closed","ping_status":"closed","template":"","meta":{"_acf_changed":false,"footnotes":""},"class_list":["post-19657","page","type-page","status-publish","hentry"],"acf":[],"yoast_head":"<!-- This site is optimized with the Yoast SEO plugin v25.3.1 - https:\/\/yoast.com\/wordpress\/plugins\/seo\/ -->\n<title>Dettagli FH - Cassetto rimovibile - Francehopital<\/title>\n<meta name=\"robots\" content=\"index, follow, max-snippet:-1, max-image-preview:large, max-video-preview:-1\" \/>\n<meta property=\"og:locale\" content=\"it_IT\" \/>\n<meta property=\"og:type\" content=\"article\" \/>\n<meta property=\"og:title\" content=\"Dettagli FH - Cassetto rimovibile - Francehopital\" \/>\n<meta property=\"og:description\" content=\"Un Cassetto-FH \u00e8 rimovibile&#8230; &#8230; ed \u00e8 anche disponibile trasparente. Vedere un oggetto prima di prenderlo fa risparmiare tempo. Perch\u00e8 rimuovere un cassetto? Per esempio per sanitizzarlo al meglio.\" \/>\n<meta property=\"og:url\" content=\"https:\/\/www.francehopital.com\/it\/video-dettagli-cassetto-rimovibile\/\" \/>\n<meta property=\"og:site_name\" content=\"Francehopital\" \/>\n<meta property=\"article:modified_time\" content=\"2022-01-17T13:19:00+00:00\" \/>\n<meta name=\"twitter:card\" content=\"summary_large_image\" \/>\n<script type=\"application\/ld+json\" class=\"yoast-schema-graph\">{\"@context\":\"https:\/\/schema.org\",\"@graph\":[{\"@type\":\"WebPage\",\"@id\":\"https:\/\/www.francehopital.com\/it\/video-dettagli-cassetto-rimovibile\/\",\"url\":\"https:\/\/www.francehopital.com\/it\/video-dettagli-cassetto-rimovibile\/\",\"name\":\"Dettagli FH - Cassetto rimovibile - Francehopital\",\"isPartOf\":{\"@id\":\"https:\/\/www.francehopital.com\/it\/#website\"},\"datePublished\":\"2022-01-17T13:14:39+00:00\",\"dateModified\":\"2022-01-17T13:19:00+00:00\",\"breadcrumb\":{\"@id\":\"https:\/\/www.francehopital.com\/it\/video-dettagli-cassetto-rimovibile\/#breadcrumb\"},\"inLanguage\":\"it-IT\",\"potentialAction\":[{\"@type\":\"ReadAction\",\"target\":[\"https:\/\/www.francehopital.com\/it\/video-dettagli-cassetto-rimovibile\/\"]}]},{\"@type\":\"BreadcrumbList\",\"@id\":\"https:\/\/www.francehopital.com\/it\/video-dettagli-cassetto-rimovibile\/#breadcrumb\",\"itemListElement\":[{\"@type\":\"ListItem\",\"position\":1,\"name\":\"Home\",\"item\":\"https:\/\/www.francehopital.com\/it\/\"},{\"@type\":\"ListItem\",\"position\":2,\"name\":\"Dettagli FH &#8211; Cassetto rimovibile\"}]},{\"@type\":\"WebSite\",\"@id\":\"https:\/\/www.francehopital.com\/it\/#website\",\"url\":\"https:\/\/www.francehopital.com\/it\/\",\"name\":\"Francehopital\",\"description\":\"Refining healthcare\",\"potentialAction\":[{\"@type\":\"SearchAction\",\"target\":{\"@type\":\"EntryPoint\",\"urlTemplate\":\"https:\/\/www.francehopital.com\/it\/?s={search_term_string}\"},\"query-input\":{\"@type\":\"PropertyValueSpecification\",\"valueRequired\":true,\"valueName\":\"search_term_string\"}}],\"inLanguage\":\"it-IT\"}]}<\/script>\n<!-- \/ Yoast SEO plugin. -->","yoast_head_json":{"title":"Dettagli FH - Cassetto rimovibile - Francehopital","robots":{"index":"index","follow":"follow","max-snippet":"max-snippet:-1","max-image-preview":"max-image-preview:large","max-video-preview":"max-video-preview:-1"},"og_locale":"it_IT","og_type":"article","og_title":"Dettagli FH - Cassetto rimovibile - Francehopital","og_description":"Un Cassetto-FH \u00e8 rimovibile&#8230; &#8230; ed \u00e8 anche disponibile trasparente. Vedere un oggetto prima di prenderlo fa risparmiare tempo. Perch\u00e8 rimuovere un cassetto? Per esempio per sanitizzarlo al meglio.","og_url":"https:\/\/www.francehopital.com\/it\/video-dettagli-cassetto-rimovibile\/","og_site_name":"Francehopital","article_modified_time":"2022-01-17T13:19:00+00:00","twitter_card":"summary_large_image","schema":{"@context":"https:\/\/schema.org","@graph":[{"@type":"WebPage","@id":"https:\/\/www.francehopital.com\/it\/video-dettagli-cassetto-rimovibile\/","url":"https:\/\/www.francehopital.com\/it\/video-dettagli-cassetto-rimovibile\/","name":"Dettagli FH - Cassetto rimovibile - Francehopital","isPartOf":{"@id":"https:\/\/www.francehopital.com\/it\/#website"},"datePublished":"2022-01-17T13:14:39+00:00","dateModified":"2022-01-17T13:19:00+00:00","breadcrumb":{"@id":"https:\/\/www.francehopital.com\/it\/video-dettagli-cassetto-rimovibile\/#breadcrumb"},"inLanguage":"it-IT","potentialAction":[{"@type":"ReadAction","target":["https:\/\/www.francehopital.com\/it\/video-dettagli-cassetto-rimovibile\/"]}]},{"@type":"BreadcrumbList","@id":"https:\/\/www.francehopital.com\/it\/video-dettagli-cassetto-rimovibile\/#breadcrumb","itemListElement":[{"@type":"ListItem","position":1,"name":"Home","item":"https:\/\/www.francehopital.com\/it\/"},{"@type":"ListItem","position":2,"name":"Dettagli FH &#8211; Cassetto rimovibile"}]},{"@type":"WebSite","@id":"https:\/\/www.francehopital.com\/it\/#website","url":"https:\/\/www.francehopital.com\/it\/","name":"Francehopital","description":"Refining healthcare","potentialAction":[{"@type":"SearchAction","target":{"@type":"EntryPoint","urlTemplate":"https:\/\/www.francehopital.com\/it\/?s={search_term_string}"},"query-input":{"@type":"PropertyValueSpecification","valueRequired":true,"valueName":"search_term_string"}}],"inLanguage":"it-IT"}]}},"_links":{"self":[{"href":"https:\/\/www.francehopital.com\/it\/wp-json\/wp\/v2\/pages\/19657","targetHints":{"allow":["GET"]}}],"collection":[{"href":"https:\/\/www.francehopital.com\/it\/wp-json\/wp\/v2\/pages"}],"about":[{"href":"https:\/\/www.francehopital.com\/it\/wp-json\/wp\/v2\/types\/page"}],"author":[{"embeddable":true,"href":"https:\/\/www.francehopital.com\/it\/wp-json\/wp\/v2\/users\/6"}],"replies":[{"embeddable":true,"href":"https:\/\/www.francehopital.com\/it\/wp-json\/wp\/v2\/comments?post=19657"}],"version-history":[{"count":0,"href":"https:\/\/www.francehopital.com\/it\/wp-json\/wp\/v2\/pages\/19657\/revisions"}],"wp:attachment":[{"href":"https:\/\/www.francehopital.com\/it\/wp-json\/wp\/v2\/media?parent=19657"}],"curies":[{"name":"wp","href":"https:\/\/api.w.org\/{rel}","templated":true}]}}