{"id":33,"date":"2019-06-12T17:04:40","date_gmt":"2019-06-12T15:04:40","guid":{"rendered":"https:\/\/www.francehopital.com\/?page_id=33"},"modified":"2021-07-21T11:28:40","modified_gmt":"2021-07-21T09:28:40","slug":"newsletter","status":"publish","type":"page","link":"https:\/\/www.francehopital.com\/it\/newsletter\/","title":{"rendered":"Newsletter"},"content":{"rendered":"<p class=\"p1\" style=\"margin: 0cm\"><span class=\"s3\">Il modo migliore per\u00a0<\/span><span class=\"s4\"><b>rimanere in contatto<\/b><\/span><span class=\"s3\"> con FH: ricevi periodicamente le ultime novit\u00e0 sui <\/span><span class=\"s4\"><b>prodotti<\/b><\/span><span class=\"s3\">, <\/span><span class=\"s3\">i\u00a0<\/span><span class=\"s4\"><b>focus sui dettagli e le funzionalit\u00e0<\/b><\/span><span class=\"s3\">\u00a0dei nostri carrelli e non solo.<\/span><\/p>\n","protected":false},"excerpt":{"rendered":"<p>Il modo migliore per\u00a0rimanere in contatto con FH: ricevi periodicamente le ultime novit\u00e0 sui prodotti, i\u00a0focus sui dettagli e le funzionalit\u00e0\u00a0dei nostri carrelli e non solo.<\/p>\n","protected":false},"author":2,"featured_media":0,"parent":0,"menu_order":0,"comment_status":"closed","ping_status":"closed","template":"page-newsletter.php","meta":{"_acf_changed":false,"footnotes":""},"class_list":["post-33","page","type-page","status-publish","hentry"],"acf":[],"yoast_head":"<!-- This site is optimized with the Yoast SEO plugin v25.3.1 - https:\/\/yoast.com\/wordpress\/plugins\/seo\/ -->\n<title>Newsletter - Francehopital<\/title>\n<meta name=\"description\" content=\"Volete rimanere in contatto con FH? Il modo migliore \u00e8 iscriversi alla newsletter periodica: novit\u00e0 prodotti, focus su dettagli e funzionalit\u00e0 e tanto altro.\" \/>\n<meta name=\"robots\" content=\"index, follow, max-snippet:-1, max-image-preview:large, max-video-preview:-1\" \/>\n<meta property=\"og:locale\" content=\"it_IT\" \/>\n<meta property=\"og:type\" content=\"article\" \/>\n<meta property=\"og:title\" content=\"Newsletter - Francehopital\" \/>\n<meta property=\"og:description\" content=\"Volete rimanere in contatto con FH? Il modo migliore \u00e8 iscriversi alla newsletter periodica: novit\u00e0 prodotti, focus su dettagli e funzionalit\u00e0 e tanto altro.\" \/>\n<meta property=\"og:url\" content=\"https:\/\/www.francehopital.com\/it\/newsletter\/\" \/>\n<meta property=\"og:site_name\" content=\"Francehopital\" \/>\n<meta property=\"article:modified_time\" content=\"2021-07-21T09:28:40+00:00\" \/>\n<meta name=\"twitter:card\" content=\"summary_large_image\" \/>\n<script type=\"application\/ld+json\" class=\"yoast-schema-graph\">{\"@context\":\"https:\/\/schema.org\",\"@graph\":[{\"@type\":\"WebPage\",\"@id\":\"https:\/\/www.francehopital.com\/it\/newsletter\/\",\"url\":\"https:\/\/www.francehopital.com\/it\/newsletter\/\",\"name\":\"Newsletter - Francehopital\",\"isPartOf\":{\"@id\":\"https:\/\/www.francehopital.com\/it\/#website\"},\"datePublished\":\"2019-06-12T15:04:40+00:00\",\"dateModified\":\"2021-07-21T09:28:40+00:00\",\"description\":\"Volete rimanere in contatto con FH? Il modo migliore \u00e8 iscriversi alla newsletter periodica: novit\u00e0 prodotti, focus su dettagli e funzionalit\u00e0 e tanto altro.\",\"breadcrumb\":{\"@id\":\"https:\/\/www.francehopital.com\/it\/newsletter\/#breadcrumb\"},\"inLanguage\":\"it-IT\",\"potentialAction\":[{\"@type\":\"ReadAction\",\"target\":[\"https:\/\/www.francehopital.com\/it\/newsletter\/\"]}]},{\"@type\":\"BreadcrumbList\",\"@id\":\"https:\/\/www.francehopital.com\/it\/newsletter\/#breadcrumb\",\"itemListElement\":[{\"@type\":\"ListItem\",\"position\":1,\"name\":\"Home\",\"item\":\"https:\/\/www.francehopital.com\/it\/\"},{\"@type\":\"ListItem\",\"position\":2,\"name\":\"Newsletter\"}]},{\"@type\":\"WebSite\",\"@id\":\"https:\/\/www.francehopital.com\/it\/#website\",\"url\":\"https:\/\/www.francehopital.com\/it\/\",\"name\":\"Francehopital\",\"description\":\"Refining healthcare\",\"potentialAction\":[{\"@type\":\"SearchAction\",\"target\":{\"@type\":\"EntryPoint\",\"urlTemplate\":\"https:\/\/www.francehopital.com\/it\/?s={search_term_string}\"},\"query-input\":{\"@type\":\"PropertyValueSpecification\",\"valueRequired\":true,\"valueName\":\"search_term_string\"}}],\"inLanguage\":\"it-IT\"}]}<\/script>\n<!-- \/ Yoast SEO plugin. -->","yoast_head_json":{"title":"Newsletter - Francehopital","description":"Volete rimanere in contatto con FH? Il modo migliore \u00e8 iscriversi alla newsletter periodica: novit\u00e0 prodotti, focus su dettagli e funzionalit\u00e0 e tanto altro.","robots":{"index":"index","follow":"follow","max-snippet":"max-snippet:-1","max-image-preview":"max-image-preview:large","max-video-preview":"max-video-preview:-1"},"og_locale":"it_IT","og_type":"article","og_title":"Newsletter - Francehopital","og_description":"Volete rimanere in contatto con FH? Il modo migliore \u00e8 iscriversi alla newsletter periodica: novit\u00e0 prodotti, focus su dettagli e funzionalit\u00e0 e tanto altro.","og_url":"https:\/\/www.francehopital.com\/it\/newsletter\/","og_site_name":"Francehopital","article_modified_time":"2021-07-21T09:28:40+00:00","twitter_card":"summary_large_image","schema":{"@context":"https:\/\/schema.org","@graph":[{"@type":"WebPage","@id":"https:\/\/www.francehopital.com\/it\/newsletter\/","url":"https:\/\/www.francehopital.com\/it\/newsletter\/","name":"Newsletter - Francehopital","isPartOf":{"@id":"https:\/\/www.francehopital.com\/it\/#website"},"datePublished":"2019-06-12T15:04:40+00:00","dateModified":"2021-07-21T09:28:40+00:00","description":"Volete rimanere in contatto con FH? Il modo migliore \u00e8 iscriversi alla newsletter periodica: novit\u00e0 prodotti, focus su dettagli e funzionalit\u00e0 e tanto altro.","breadcrumb":{"@id":"https:\/\/www.francehopital.com\/it\/newsletter\/#breadcrumb"},"inLanguage":"it-IT","potentialAction":[{"@type":"ReadAction","target":["https:\/\/www.francehopital.com\/it\/newsletter\/"]}]},{"@type":"BreadcrumbList","@id":"https:\/\/www.francehopital.com\/it\/newsletter\/#breadcrumb","itemListElement":[{"@type":"ListItem","position":1,"name":"Home","item":"https:\/\/www.francehopital.com\/it\/"},{"@type":"ListItem","position":2,"name":"Newsletter"}]},{"@type":"WebSite","@id":"https:\/\/www.francehopital.com\/it\/#website","url":"https:\/\/www.francehopital.com\/it\/","name":"Francehopital","description":"Refining healthcare","potentialAction":[{"@type":"SearchAction","target":{"@type":"EntryPoint","urlTemplate":"https:\/\/www.francehopital.com\/it\/?s={search_term_string}"},"query-input":{"@type":"PropertyValueSpecification","valueRequired":true,"valueName":"search_term_string"}}],"inLanguage":"it-IT"}]}},"_links":{"self":[{"href":"https:\/\/www.francehopital.com\/it\/wp-json\/wp\/v2\/pages\/33","targetHints":{"allow":["GET"]}}],"collection":[{"href":"https:\/\/www.francehopital.com\/it\/wp-json\/wp\/v2\/pages"}],"about":[{"href":"https:\/\/www.francehopital.com\/it\/wp-json\/wp\/v2\/types\/page"}],"author":[{"embeddable":true,"href":"https:\/\/www.francehopital.com\/it\/wp-json\/wp\/v2\/users\/2"}],"replies":[{"embeddable":true,"href":"https:\/\/www.francehopital.com\/it\/wp-json\/wp\/v2\/comments?post=33"}],"version-history":[{"count":0,"href":"https:\/\/www.francehopital.com\/it\/wp-json\/wp\/v2\/pages\/33\/revisions"}],"wp:attachment":[{"href":"https:\/\/www.francehopital.com\/it\/wp-json\/wp\/v2\/media?parent=33"}],"curies":[{"name":"wp","href":"https:\/\/api.w.org\/{rel}","templated":true}]}}