{"id":4,"date":"2019-05-15T16:02:56","date_gmt":"2019-05-15T14:02:56","guid":{"rendered":"https:\/\/www.francehopital.com\/cookies"},"modified":"2022-11-18T08:48:56","modified_gmt":"2022-11-18T07:48:56","slug":"cookies","status":"publish","type":"page","link":"https:\/\/www.francehopital.com\/it\/cookies\/","title":{"rendered":"Cookies"},"content":{"rendered":"<p>Il sito web www.francehopital.com (\u201cSito\u201c) utilizza cookie. I cookie sono stringhe di testo create da un server e memorizzate sull\u2019hard disk del computer o su qualsiasi dispositivo utilizzato dall\u2019utente per accedere ad Internet (smartphone, tablet, ecc.) per poi essere ritrasmessi ai successivi accessi ad Internet dell\u2019utente stesso. I cookie permettono di raccogliere informazioni sulla navigazione effettuata dall\u2019utente sul Sito, per esempio per ricordare le preferenze di lingua o la valuta utilizzata per un acquisto, e proporle alla visita successiva per facilitare la fruizione. I cookie possono essere memorizzati in modo permanente sul tuo computer ed avere una durata variabile (c.d. cookie persistenti), ma possono anche svanire con la chiusura del browser o avere una durata limitata (c.d. cookie di sessione). I cookie possono essere installati dal Sito che stai visitando (c.d. cookie di prima parte) o possono essere installati da altri siti web (c.d. cookie di terze parti). Il Sito utilizza cookie di prima parte, cookie di terze parti ed altre analoghe tecnologie, come meglio descritto di seguito.<\/p>\n<h2>Titolare del trattamento<\/h2>\n<p>FRANCEHOPITAL SAS \u2013 Zona Industriale 11 \u2013 39011 Lana (BZ) (di seguito anche \u201cSociet\u00e0\u201d).<\/p>\n<h2>1 \u2013 Finalit\u00e0 del trattamento<\/h2>\n<p>1.1 \u2013 Cookie tecnici necessari: il Sito utilizza cookie di prima parte, di sessione e persistenti per consentirti una sicura ed efficiente navigazione e fruizione del sito nonch\u00e9 al fine di migliorare i servizi resi dal Sito. Si tratta di cookie che, per esempio, permettono il riconoscimento della lingua selezionata e il paese dal quale l\u2019utente si connette al Sito. Questi cookie, riconoscendoti ad un nuovo accesso al Sito, evitano che tu debba inserire i tuoi dati ogni volta. il Sito utilizza inoltre cookie di terza parte di Google Analytics per raccogliere informazioni sull\u2019utilizzo del Sito da parte degli utenti (numero di visitatori, pagine visitate, tempo di permanenza sul sito ecc.). Gli indirizzi IP degli utenti sono raccolti e trattati in forma anonima e le impostazioni del servizio non prevedono la condivisione dei dati con Google. Per maggiori dettagli e informazioni \u00e8 possibile visitare la pagina del fornitore <a href=\"https:\/\/support.google.com\/analytics\/answer\/1011397\" target=\"_blank\" rel=\"noopener\">https:\/\/support.google.com\/analytics\/answer\/1011397<\/a>. Puoi disabilitare in ogni caso i cookie di Google Analytics scaricando uno specifico plug-in del browser reperibile qui: <a href=\"https:\/\/tools.google.com\/dlpage\/gaoptout\" target=\"_blank\" rel=\"noopener\">https:\/\/tools.google.com\/dlpage\/gaoptout<\/a>.<\/p>\n<p>1.2 Cookie analitici: il Sito utilizza cookie analitici di terze parti con i quali \u00e8 possibile capire come specifici visitatori interagiscono con il sito stesso, raccogliendo e trasmettendo informazioni. Questi dati vengono utilizzati per migliorare le prestazioni del Sito e dei servizi connessi.<\/p>\n<p>1.3 \u2013 Cookie di profilazione: il Sito utilizza cookie di profilazione con i quali \u00e8 possibile annotare le preferenze rilevate durante ogni visita e creare cos\u00ec profili che permettano di inviare messaggi maggiormente aderenti alle preferenze e agli interessi dell\u2019utente. Questo Sito permette l\u2019utilizzo anche di cookie di profilazione di terze parti che servono a farti visualizzare le nostre proposte commerciali anche quando visiti altri siti (retargeting).<\/p>\n<h2>2 \u2013 Basi giuridiche dei trattamenti<\/h2>\n<p>2.1 \u2013 Cookie tecnici necessari: esecuzione di un contratto di cui tu sei parte (utilizzo del Sito).<\/p>\n<p>2.2 \u2013 Cookie analitici: interesse legittimo.<\/p>\n<p>2.3 \u2013 Cookie di profilazione: consenso (tramite banner, facoltativo e revocabile in qualsiasi momento).<\/p>\n<h2>3 \u2013 Periodo di conservazione dei dati personali<\/h2>\n<p>Per verificare la durata dei singoli cookie fare riferimento alla <a class=\"cm-open-cookie-notice cm-open-cookie-notice-shortcode-type-link\" href=\"#\"><span class=\"cm-open-cookie-notice-span\">lista completa cookie<\/span><\/a>.<\/p>\n<h2>4 \u2013 Obbligatoriet\u00e0 del conferimento dei dati<\/h2>\n<p>Al momento dell\u2019accesso a qualunque pagina del Sito, \u00e8 presente un banner che contiene un\u2019informativa breve. La chiusura del banner comporta il permanere delle impostazioni e la continuazione della navigazione in assenza di cookie diversi da quelli tecnici. Il tuo consenso all\u2019uso dei cookie diversi da quelli tecnici \u00e8 opzionale e revocabile in ogni momento tramite la <a class=\"cm-open-cookie-notice cm-open-cookie-notice-shortcode-type-link\" href=\"#\"><span class=\"cm-open-cookie-notice-span\">configurazione delle preferenze cookie<\/span><\/a>. Il consenso all\u2019uso dei cookie \u00e8 registrato con un \u201ccookie tecnico\u201d.<\/p>\n<h2>5 \u2013 I suoi diritti da interessato al trattamento<\/h2>\n<p>Contattando la Societ\u00e0 via e-mail all\u2019indirizzo <a href=\"mailto:info@francehopital.com\">info@francehopital.com<\/a>, puoi chiedere alla Societ\u00e0 l\u2019accesso ai dati che ti riguardano, la loro cancellazione, la rettifica dei dati inesatti, l\u2019integrazione dei dati incompleti, la limitazione del trattamento nei casi previsti dall\u2019art. 18 del GDPR, nonch\u00e9 l\u2019opposizione al trattamento nelle ipotesi di legittimo interesse della Societ\u00e0.<\/p>\n<p>Inoltre, nel caso in cui il trattamento sia basato sul consenso o sul contratto e sia effettuato con strumenti automatizzati, hai il diritto di ricevere in un formato strutturato, di uso comune e leggibile da dispositivo automatico i tuoi dati personali, nonch\u00e9, se tecnicamente fattibile, di trasmetterli ad altro titolare senza impedimenti.<\/p>\n<p>Hai il diritto di revocare il consenso prestato in qualsiasi momento per finalit\u00e0 di marketing e\/o di profilazione, nonch\u00e9 di opporti al trattamento dei dati per finalit\u00e0 di marketing, compresa la profilazione connessa al marketing diretto. Resta ferma la possibilit\u00e0, nel caso in cui preferissi essere contattato per la suddetta finalit\u00e0 esclusivamente tramite modalit\u00e0 tradizionali, di manifestare la tua opposizione solo alla ricezione di comunicazioni attraverso modalit\u00e0 automatizzate.<\/p>\n<p>Hai il diritto di proporre reclamo all\u2019Autorit\u00e0 di controllo competente nello Stato membro in cui risiedi abitualmente o lavori o dello Stato in cui si \u00e8 verificata la presunta violazione.<\/p>\n<p>Puoi opporti alla registrazione di cookie sul tuo hard disk configurando il tuo browser di navigazione in modo da disabilitare i cookie. Di seguito riportiamo le modalit\u00e0 offerte dai principali browser: <a href=\"https:\/\/support.google.com\/chrome\/answer\/95647?hl=it-it\" target=\"_blank\" rel=\"noopener\">Google Chrome<\/a>, <a href=\"https:\/\/support.apple.com\/it-it\/guide\/safari\/sfri11471\/mac#:~:text=Nell'app%20Safari%20sul%20Mac,il%20monitoraggio%20tra%20siti%20web%E2%80%9D\" target=\"_blank\" rel=\"noopener\">Safari<\/a>, <a href=\"https:\/\/support.mozilla.org\/it\/kb\/Bloccare%20i%20cookie\" target=\"_blank\" rel=\"noopener\">Mozilla Firefox<\/a>, <a href=\"https:\/\/support.microsoft.com\/it-it\/microsoft-edge\/eliminare-i-cookie-in-microsoft-edge-63947406-40ac-c3b8-57b9-2a946a29ae09#:~:text=Apri%20Microsoft%20Edge%20and%20seleziona,del%20sito%2C%20quindi%20Cancella%20ora\" target=\"_blank\" rel=\"noopener\">Microsoft Edge<\/a>.<\/p>\n<p>Dopo questa operazione, tuttavia, alcune funzioni delle pagine web potrebbero non essere eseguite correttamente.<\/p>\n<h2>6 \u2013 Caratteristiche dei cookie utilizzati dal sito e gestione preferenze<\/h2>\n<p>Puoi visionare l\u2019elenco completo dei cookie utilizzati dal Sito e impostare nel dettaglio le tue preferenze cliccando sul seguente link: <a class=\"cm-open-cookie-notice cm-open-cookie-notice-shortcode-type-button\" href=\"#\"><span class=\"cm-open-cookie-notice-span\">Lista completa e gestione preferenze cookie<\/span><\/a><\/p>\n<h2>7 \u2013 Soggetti autorizzati al trattamento<\/h2>\n<p>I dati raccolti tramite i cookie saranno trattati da dipendenti, collaboratori della Societ\u00e0 o soggetti esterni, in qualit\u00e0 di incaricati e responsabili del trattamento, che svolgono per conto della Societ\u00e0 compiti di natura tecnica ed organizzativa del Sito. Una lista completa ed aggiornata dei Responsabili del trattamento nominati dalla Societ\u00e0 pu\u00f2 essere ottenuta scrivendo via e-mail a <a href=\"mailto:info@francehopital.com\">info@francehopital.com<\/a>.<\/p>\n","protected":false},"excerpt":{"rendered":"<p>Il sito web www.francehopital.com (\u201cSito\u201c) utilizza cookie. I cookie sono stringhe di testo create da un server e memorizzate sull\u2019hard disk del computer o su qualsiasi dispositivo utilizzato dall\u2019utente per accedere ad Internet (smartphone, tablet, ecc.) per poi essere ritrasmessi ai successivi accessi ad Internet dell\u2019utente stesso. I cookie permettono di raccogliere informazioni sulla navigazione [&hellip;]<\/p>\n","protected":false},"author":2,"featured_media":0,"parent":0,"menu_order":0,"comment_status":"closed","ping_status":"closed","template":"","meta":{"_acf_changed":false,"footnotes":""},"class_list":["post-4","page","type-page","status-publish","hentry"],"acf":[],"yoast_head":"<!-- This site is optimized with the Yoast SEO plugin v25.3.1 - https:\/\/yoast.com\/wordpress\/plugins\/seo\/ -->\n<title>Cookies - Francehopital<\/title>\n<meta name=\"robots\" content=\"index, follow, max-snippet:-1, max-image-preview:large, max-video-preview:-1\" \/>\n<meta property=\"og:locale\" content=\"it_IT\" \/>\n<meta property=\"og:type\" content=\"article\" \/>\n<meta property=\"og:title\" content=\"Cookies - Francehopital\" \/>\n<meta property=\"og:description\" content=\"Il sito web www.francehopital.com (\u201cSito\u201c) utilizza cookie. I cookie sono stringhe di testo create da un server e memorizzate sull\u2019hard disk del computer o su qualsiasi dispositivo utilizzato dall\u2019utente per accedere ad Internet (smartphone, tablet, ecc.) per poi essere ritrasmessi ai successivi accessi ad Internet dell\u2019utente stesso. I cookie permettono di raccogliere informazioni sulla navigazione [&hellip;]\" \/>\n<meta property=\"og:url\" content=\"https:\/\/www.francehopital.com\/it\/cookies\/\" \/>\n<meta property=\"og:site_name\" content=\"Francehopital\" \/>\n<meta property=\"article:modified_time\" content=\"2022-11-18T07:48:56+00:00\" \/>\n<meta name=\"twitter:card\" content=\"summary_large_image\" \/>\n<meta name=\"twitter:label1\" content=\"Tempo di lettura stimato\" \/>\n\t<meta name=\"twitter:data1\" content=\"5 minuti\" \/>\n<script type=\"application\/ld+json\" class=\"yoast-schema-graph\">{\"@context\":\"https:\/\/schema.org\",\"@graph\":[{\"@type\":\"WebPage\",\"@id\":\"https:\/\/www.francehopital.com\/it\/cookies\/\",\"url\":\"https:\/\/www.francehopital.com\/it\/cookies\/\",\"name\":\"Cookies - Francehopital\",\"isPartOf\":{\"@id\":\"https:\/\/www.francehopital.com\/it\/#website\"},\"datePublished\":\"2019-05-15T14:02:56+00:00\",\"dateModified\":\"2022-11-18T07:48:56+00:00\",\"breadcrumb\":{\"@id\":\"https:\/\/www.francehopital.com\/it\/cookies\/#breadcrumb\"},\"inLanguage\":\"it-IT\",\"potentialAction\":[{\"@type\":\"ReadAction\",\"target\":[\"https:\/\/www.francehopital.com\/it\/cookies\/\"]}]},{\"@type\":\"BreadcrumbList\",\"@id\":\"https:\/\/www.francehopital.com\/it\/cookies\/#breadcrumb\",\"itemListElement\":[{\"@type\":\"ListItem\",\"position\":1,\"name\":\"Home\",\"item\":\"https:\/\/www.francehopital.com\/it\/\"},{\"@type\":\"ListItem\",\"position\":2,\"name\":\"Cookies\"}]},{\"@type\":\"WebSite\",\"@id\":\"https:\/\/www.francehopital.com\/it\/#website\",\"url\":\"https:\/\/www.francehopital.com\/it\/\",\"name\":\"Francehopital\",\"description\":\"Refining healthcare\",\"potentialAction\":[{\"@type\":\"SearchAction\",\"target\":{\"@type\":\"EntryPoint\",\"urlTemplate\":\"https:\/\/www.francehopital.com\/it\/?s={search_term_string}\"},\"query-input\":{\"@type\":\"PropertyValueSpecification\",\"valueRequired\":true,\"valueName\":\"search_term_string\"}}],\"inLanguage\":\"it-IT\"}]}<\/script>\n<!-- \/ Yoast SEO plugin. -->","yoast_head_json":{"title":"Cookies - Francehopital","robots":{"index":"index","follow":"follow","max-snippet":"max-snippet:-1","max-image-preview":"max-image-preview:large","max-video-preview":"max-video-preview:-1"},"og_locale":"it_IT","og_type":"article","og_title":"Cookies - Francehopital","og_description":"Il sito web www.francehopital.com (\u201cSito\u201c) utilizza cookie. I cookie sono stringhe di testo create da un server e memorizzate sull\u2019hard disk del computer o su qualsiasi dispositivo utilizzato dall\u2019utente per accedere ad Internet (smartphone, tablet, ecc.) per poi essere ritrasmessi ai successivi accessi ad Internet dell\u2019utente stesso. I cookie permettono di raccogliere informazioni sulla navigazione [&hellip;]","og_url":"https:\/\/www.francehopital.com\/it\/cookies\/","og_site_name":"Francehopital","article_modified_time":"2022-11-18T07:48:56+00:00","twitter_card":"summary_large_image","twitter_misc":{"Tempo di lettura stimato":"5 minuti"},"schema":{"@context":"https:\/\/schema.org","@graph":[{"@type":"WebPage","@id":"https:\/\/www.francehopital.com\/it\/cookies\/","url":"https:\/\/www.francehopital.com\/it\/cookies\/","name":"Cookies - Francehopital","isPartOf":{"@id":"https:\/\/www.francehopital.com\/it\/#website"},"datePublished":"2019-05-15T14:02:56+00:00","dateModified":"2022-11-18T07:48:56+00:00","breadcrumb":{"@id":"https:\/\/www.francehopital.com\/it\/cookies\/#breadcrumb"},"inLanguage":"it-IT","potentialAction":[{"@type":"ReadAction","target":["https:\/\/www.francehopital.com\/it\/cookies\/"]}]},{"@type":"BreadcrumbList","@id":"https:\/\/www.francehopital.com\/it\/cookies\/#breadcrumb","itemListElement":[{"@type":"ListItem","position":1,"name":"Home","item":"https:\/\/www.francehopital.com\/it\/"},{"@type":"ListItem","position":2,"name":"Cookies"}]},{"@type":"WebSite","@id":"https:\/\/www.francehopital.com\/it\/#website","url":"https:\/\/www.francehopital.com\/it\/","name":"Francehopital","description":"Refining healthcare","potentialAction":[{"@type":"SearchAction","target":{"@type":"EntryPoint","urlTemplate":"https:\/\/www.francehopital.com\/it\/?s={search_term_string}"},"query-input":{"@type":"PropertyValueSpecification","valueRequired":true,"valueName":"search_term_string"}}],"inLanguage":"it-IT"}]}},"_links":{"self":[{"href":"https:\/\/www.francehopital.com\/it\/wp-json\/wp\/v2\/pages\/4","targetHints":{"allow":["GET"]}}],"collection":[{"href":"https:\/\/www.francehopital.com\/it\/wp-json\/wp\/v2\/pages"}],"about":[{"href":"https:\/\/www.francehopital.com\/it\/wp-json\/wp\/v2\/types\/page"}],"author":[{"embeddable":true,"href":"https:\/\/www.francehopital.com\/it\/wp-json\/wp\/v2\/users\/2"}],"replies":[{"embeddable":true,"href":"https:\/\/www.francehopital.com\/it\/wp-json\/wp\/v2\/comments?post=4"}],"version-history":[{"count":0,"href":"https:\/\/www.francehopital.com\/it\/wp-json\/wp\/v2\/pages\/4\/revisions"}],"wp:attachment":[{"href":"https:\/\/www.francehopital.com\/it\/wp-json\/wp\/v2\/media?parent=4"}],"curies":[{"name":"wp","href":"https:\/\/api.w.org\/{rel}","templated":true}]}}