{"id":44,"date":"2019-06-12T17:28:29","date_gmt":"2019-06-12T15:28:29","guid":{"rendered":"https:\/\/www.francehopital.com\/?page_id=44"},"modified":"2021-01-25T09:16:56","modified_gmt":"2021-01-25T08:16:56","slug":"azienda","status":"publish","type":"page","link":"https:\/\/www.francehopital.com\/it\/azienda\/","title":{"rendered":"Azienda"},"content":{"rendered":"<p><strong>&#8220;Ogni impresa nasce dal sogno di un singolo individuo, dalla sua visione di un&#8217;opportunit\u00e0 che gli altri non hanno ancora visto. Solo se \u00e8 in grado di ispirare e guidare gli altri, la sua visione si trasformer\u00e0 in un&#8217;impresa degna di questo nome&#8221;.<\/strong><\/p>\n<p>La nostra storia <\/p>\n<p>Francehopital \u00e8 la storia di tre generazioni di uomini che hanno creato, sviluppato e trasformato negli ultimi decenni la struttura originaria di una piccola societ\u00e0 commerciale fondata da <strong>Julius Peroni<\/strong> per sostenere la sua famiglia nei momenti difficili dell&#8217;immediato dopoguerra. Una cultura multietnica, il coraggio di affrontare le sfide e la fede ostinata in un futuro migliore: Julius ha trasmesso questi valori distintivi alla sua neonata azienda quando muoveva i primi passi nel mercato degli arredi ospedalieri. Suo figlio <strong>G\u00fcnther<\/strong>, che ha assunto il comando in giovane et\u00e0, ha avuto un impatto positivo sull&#8217;azienda invertendo la prospettiva imprenditoriale originaria. Invece di sviluppare una strategia commerciale basata sulla ricerca di mercati per i suoi prodotti, ha iniziato ad esplorare i mercati internazionali per offrire soluzioni mirate ai complessi problemi della logistica ospedaliera. Nel 2005, la terza generazione della famiglia Peroni, nella persona del giovane <strong>Gunnar<\/strong>, ha preso il timone per implementare una nuova struttura per l&#8217;azienda. Ha delineato una nuova identit\u00e0 dell&#8217;azienda, rafforzando la sua posizione sul mercato mondiale e maturando quel sano rispetto per la concorrenza che permette di imparare da chi sa muoversi pi\u00f9 velocemente e meglio degli altri, per poi trasformare l&#8217;inestimabile saggezza che deriva dal riconoscere i propri errori in grandi opportunit\u00e0 di crescita.<\/p>\n<p>1948 <br \/>Produzione e distribuzione attrezzature per cucine ospedaliere <br \/>1964 <br \/>Introduzione di un nuovo sistema di gestione della biancheria <br \/>1972 <br \/>Attrezzature per cucine<br \/>\nDistribuzione di scaffalature e carrelli <br \/>1980 <br \/>Sviluppo e lancio carrelli di reparto PERSOCAR e sistema di distribuzione farmaci PERSOFARM <br \/>1983 <br \/>Sviluppo e lancio del carrello d&#8217;emergenza PERSOLIFE <br \/>1990 <br \/>Sviluppo e produzione attrezzature in inox fatte su misura per clean-room <br \/>1997 <br \/>Primo certificato ISO 9001<br \/>\nProduzione di WALLY, l&#8217;innovativo cestino rifiuti con apertura a ginocchio <br \/>1998 <br \/>Sviluppo dei carrelli biancheria Linea ISEO e del<br \/>\nsistema modulare di carrelli e scaffalature PERMODUL <br \/>1999 <br \/>Sviluppo del raccoglitore rifiuti autoestinguente CLIPPER <br \/>2007 <br \/>Sviluppo dei carrelli EVOLIGHT e COLORLIGHT con serranda, cassetti e ante, compatibili ISO <br \/>2008 <br \/>Sviluppo del carrello visita ERGODOC e del carrello multifunzione SHANGO, con cassetto laterale per laptop <br \/>2012 <br \/>Linea Sala Operatoria: gamma completa di attrezzature e carrelli inox<br \/>\nPresentazione di PRECISO, l&#8217;innovativo sistema di carrelli modulari <br \/>2015 <br \/>Riprogettazione delle linee di carrelli PERSOCAR e PERSOLIFE <br \/>2017 <br \/>L&#8217;esportazione raggiunge oltre 80 paesi nel mondo <br \/>2019 <br \/>Revisione dell&#8217;immagine aziendale: lancio del nuovo logo e del nuovo sito web <br \/>2020 <br \/>Lancio globale degli eWork Carts e aggiornamento di CRUSHY <\/p>\n<p>Il design di ogni prodotto e alcune soluzioni &#8220;ad hoc&#8221; derivano da un&#8217;approfondita ricerca delle esigenze del cliente. Un feedback costante ci permette di raccogliere richieste e desideri, generando un processo di miglioramento continuo dei nostri prodotti, che vengono poi realizzati secondo i pi\u00f9 alti standard di igiene, sicurezza e durata. Il nostro dipartimento di ricerca e sviluppo \u00e8 alla continua ricerca di modi per risolvere questioni o problematiche connesse al luogo di lavoro. Molto spesso questo porta a soluzioni &#8220;quasi su misura&#8221;.<\/p>\n<p>Questo scambio costante tra noi e il mondo della sanit\u00e0 \u00e8 davvero molto eccitante e sempre interessante.<\/p>\n<p>Gunnar Peroni <br \/>Presidente <br \/>Riconosciuti nel mondo <\/p>\n<p>Francehopital ha sempre avuto una vocazione all&#8217;export, sia per la sua posizione geografica che per la sua cultura: la nostra azienda si trova in Alsazia, in Francia e in Alto Adige, in Italia. Francehopital ha una produzione ricca e variegata, a seconda della funzionalit\u00e0: dai carrelli per la distribuzione personalizzata dei farmaci a quelli per il cambio della biancheria nei reparti; carrelli per le sale operatorie, per gli ambulatori, per le urgenze&#8230; \u00e8 una gamma che continua a crescere ancora oggi, aggiungendo nuovi modelli e soluzioni innovative.<\/p>\n<p>Per noi il valore dell&#8217;eccellenza deriva anche dalla capacit\u00e0 di ascoltare tutte le esigenze di precisione ed efficienza provenienti dai reparti ospedalieri, le esigenze pratiche dei nostri clienti e, soprattutto, le esigenze dei singoli medici, infermieri e tecnici di tutti i paesi che utilizzeranno i nostri prodotti.<\/p><\/p>\n","protected":false},"excerpt":{"rendered":"<p>&#8220;Ogni impresa nasce dal sogno di un singolo individuo, dalla sua visione di un&#8217;opportunit\u00e0 che gli altri non hanno ancora visto. Solo se \u00e8 in grado di ispirare e guidare gli altri, la sua visione si trasformer\u00e0 in un&#8217;impresa degna di questo nome&#8221;. La nostra storia Francehopital \u00e8 la storia di tre generazioni di uomini [&hellip;]<\/p>\n","protected":false},"author":2,"featured_media":0,"parent":0,"menu_order":0,"comment_status":"closed","ping_status":"closed","template":"","meta":{"_acf_changed":false,"footnotes":""},"class_list":["post-44","page","type-page","status-publish","hentry"],"acf":[],"yoast_head":"<!-- This site is optimized with the Yoast SEO plugin v25.3.1 - https:\/\/yoast.com\/wordpress\/plugins\/seo\/ -->\n<title>Azienda - Francehopital<\/title>\n<meta name=\"robots\" content=\"index, follow, max-snippet:-1, max-image-preview:large, max-video-preview:-1\" \/>\n<meta property=\"og:locale\" content=\"it_IT\" \/>\n<meta property=\"og:type\" content=\"article\" \/>\n<meta property=\"og:title\" content=\"Azienda - Francehopital\" \/>\n<meta property=\"og:description\" content=\"&#8220;Ogni impresa nasce dal sogno di un singolo individuo, dalla sua visione di un&#8217;opportunit\u00e0 che gli altri non hanno ancora visto. Solo se \u00e8 in grado di ispirare e guidare gli altri, la sua visione si trasformer\u00e0 in un&#8217;impresa degna di questo nome&#8221;. La nostra storia Francehopital \u00e8 la storia di tre generazioni di uomini [&hellip;]\" \/>\n<meta property=\"og:url\" content=\"https:\/\/www.francehopital.com\/it\/azienda\/\" \/>\n<meta property=\"og:site_name\" content=\"Francehopital\" \/>\n<meta property=\"article:modified_time\" content=\"2021-01-25T08:16:56+00:00\" \/>\n<meta name=\"twitter:card\" content=\"summary_large_image\" \/>\n<meta name=\"twitter:label1\" content=\"Tempo di lettura stimato\" \/>\n\t<meta name=\"twitter:data1\" content=\"3 minuti\" \/>\n<script type=\"application\/ld+json\" class=\"yoast-schema-graph\">{\"@context\":\"https:\/\/schema.org\",\"@graph\":[{\"@type\":\"WebPage\",\"@id\":\"https:\/\/www.francehopital.com\/it\/azienda\/\",\"url\":\"https:\/\/www.francehopital.com\/it\/azienda\/\",\"name\":\"Azienda - Francehopital\",\"isPartOf\":{\"@id\":\"https:\/\/www.francehopital.com\/it\/#website\"},\"datePublished\":\"2019-06-12T15:28:29+00:00\",\"dateModified\":\"2021-01-25T08:16:56+00:00\",\"breadcrumb\":{\"@id\":\"https:\/\/www.francehopital.com\/it\/azienda\/#breadcrumb\"},\"inLanguage\":\"it-IT\",\"potentialAction\":[{\"@type\":\"ReadAction\",\"target\":[\"https:\/\/www.francehopital.com\/it\/azienda\/\"]}]},{\"@type\":\"BreadcrumbList\",\"@id\":\"https:\/\/www.francehopital.com\/it\/azienda\/#breadcrumb\",\"itemListElement\":[{\"@type\":\"ListItem\",\"position\":1,\"name\":\"Home\",\"item\":\"https:\/\/www.francehopital.com\/it\/\"},{\"@type\":\"ListItem\",\"position\":2,\"name\":\"Azienda\"}]},{\"@type\":\"WebSite\",\"@id\":\"https:\/\/www.francehopital.com\/it\/#website\",\"url\":\"https:\/\/www.francehopital.com\/it\/\",\"name\":\"Francehopital\",\"description\":\"Refining healthcare\",\"potentialAction\":[{\"@type\":\"SearchAction\",\"target\":{\"@type\":\"EntryPoint\",\"urlTemplate\":\"https:\/\/www.francehopital.com\/it\/?s={search_term_string}\"},\"query-input\":{\"@type\":\"PropertyValueSpecification\",\"valueRequired\":true,\"valueName\":\"search_term_string\"}}],\"inLanguage\":\"it-IT\"}]}<\/script>\n<!-- \/ Yoast SEO plugin. -->","yoast_head_json":{"title":"Azienda - Francehopital","robots":{"index":"index","follow":"follow","max-snippet":"max-snippet:-1","max-image-preview":"max-image-preview:large","max-video-preview":"max-video-preview:-1"},"og_locale":"it_IT","og_type":"article","og_title":"Azienda - Francehopital","og_description":"&#8220;Ogni impresa nasce dal sogno di un singolo individuo, dalla sua visione di un&#8217;opportunit\u00e0 che gli altri non hanno ancora visto. Solo se \u00e8 in grado di ispirare e guidare gli altri, la sua visione si trasformer\u00e0 in un&#8217;impresa degna di questo nome&#8221;. La nostra storia Francehopital \u00e8 la storia di tre generazioni di uomini [&hellip;]","og_url":"https:\/\/www.francehopital.com\/it\/azienda\/","og_site_name":"Francehopital","article_modified_time":"2021-01-25T08:16:56+00:00","twitter_card":"summary_large_image","twitter_misc":{"Tempo di lettura stimato":"3 minuti"},"schema":{"@context":"https:\/\/schema.org","@graph":[{"@type":"WebPage","@id":"https:\/\/www.francehopital.com\/it\/azienda\/","url":"https:\/\/www.francehopital.com\/it\/azienda\/","name":"Azienda - Francehopital","isPartOf":{"@id":"https:\/\/www.francehopital.com\/it\/#website"},"datePublished":"2019-06-12T15:28:29+00:00","dateModified":"2021-01-25T08:16:56+00:00","breadcrumb":{"@id":"https:\/\/www.francehopital.com\/it\/azienda\/#breadcrumb"},"inLanguage":"it-IT","potentialAction":[{"@type":"ReadAction","target":["https:\/\/www.francehopital.com\/it\/azienda\/"]}]},{"@type":"BreadcrumbList","@id":"https:\/\/www.francehopital.com\/it\/azienda\/#breadcrumb","itemListElement":[{"@type":"ListItem","position":1,"name":"Home","item":"https:\/\/www.francehopital.com\/it\/"},{"@type":"ListItem","position":2,"name":"Azienda"}]},{"@type":"WebSite","@id":"https:\/\/www.francehopital.com\/it\/#website","url":"https:\/\/www.francehopital.com\/it\/","name":"Francehopital","description":"Refining healthcare","potentialAction":[{"@type":"SearchAction","target":{"@type":"EntryPoint","urlTemplate":"https:\/\/www.francehopital.com\/it\/?s={search_term_string}"},"query-input":{"@type":"PropertyValueSpecification","valueRequired":true,"valueName":"search_term_string"}}],"inLanguage":"it-IT"}]}},"_links":{"self":[{"href":"https:\/\/www.francehopital.com\/it\/wp-json\/wp\/v2\/pages\/44","targetHints":{"allow":["GET"]}}],"collection":[{"href":"https:\/\/www.francehopital.com\/it\/wp-json\/wp\/v2\/pages"}],"about":[{"href":"https:\/\/www.francehopital.com\/it\/wp-json\/wp\/v2\/types\/page"}],"author":[{"embeddable":true,"href":"https:\/\/www.francehopital.com\/it\/wp-json\/wp\/v2\/users\/2"}],"replies":[{"embeddable":true,"href":"https:\/\/www.francehopital.com\/it\/wp-json\/wp\/v2\/comments?post=44"}],"version-history":[{"count":0,"href":"https:\/\/www.francehopital.com\/it\/wp-json\/wp\/v2\/pages\/44\/revisions"}],"wp:attachment":[{"href":"https:\/\/www.francehopital.com\/it\/wp-json\/wp\/v2\/media?parent=44"}],"curies":[{"name":"wp","href":"https:\/\/api.w.org\/{rel}","templated":true}]}}